{"id":1332,"date":"2014-08-12T22:09:36","date_gmt":"2014-08-12T22:09:36","guid":{"rendered":"http:\/\/kursy-udt.pl\/?page_id=1332"},"modified":"2022-10-14T12:17:02","modified_gmt":"2022-10-14T12:17:02","slug":"vorbereitende-tatigkeiten","status":"publish","type":"page","link":"https:\/\/kursy-udt.pl\/de\/szkolenia\/kurs-na-suwnice\/czynnosci-przygotowawcze\/","title":{"rendered":"Vorbereitende T\u00e4tigkeiten"},"content":{"rendered":"<h2 class=\"naglowekh2\"><img loading=\"lazy\" decoding=\"async\" class=\"paddingleft10 alignleft wp-image-1341\" src=\"https:\/\/kursy-udt.pl\/wp-content\/uploads\/2014\/08\/przygotowanie.jpg\" alt=\"\" width=\"200\" height=\"150\" \/>T\u00e4tigkeiten vor der Arbeit mit dem Kran<\/h2>\n<p>Die wirksamste Methode zur Verringerung des Risikos von Gefahren, einschlie\u00dflich Unf\u00e4llen, bei der Bedienung von Br\u00fcckenkr\u00e4nen ist die genaue Kenntnis und Einhaltung der Gesundheits- und Sicherheitsvorschriften. Diese T\u00e4tigkeiten m\u00fcssen sowohl vor, w\u00e4hrend und nach dem Betrieb des Ger\u00e4ts durchgef\u00fchrt werden. Die folgenden Schritte sind vor Beginn der Arbeiten erforderlich.<\/p>\n<p>Vor Beginn der Arbeiten muss jeder Bediener des Ger\u00e4ts in erster Linie spezielle Kontrollarbeiten durchf\u00fchren. Sie sollen daf\u00fcr sorgen, dass sowohl sie selbst als auch die anderen Arbeitnehmer an ihren Arbeitspl\u00e4tzen sicher sind. Die folgenden Aktivit\u00e4ten werden f\u00fcr alle unterrichtet <a href=\"https:\/\/kursy-udt.pl\/de\/szkolenia\/kurs-na-suwnice\/\">Kranbahn<\/a>Die Person sollte also wissen, wie sie danach vorgehen soll.<\/p>\n<div class=\"filmw\">\n<div class=\"responsive-youtube\" style=\"text-align: center;\"><iframe loading=\"lazy\" title=\"YouTube-Video-Player\" src=\"https:\/\/www.youtube.com\/embed\/0BIkkFvLgew\" width=\"560\" height=\"315\" frameborder=\"0\" allowfullscreen=\"allowfullscreen\"><\/iframe><\/div>\n<\/div>\n<h2 class=\"naglowekh2\"><strong>Die wichtigsten Regeln vor der Arbeit mit Kr\u00e4nen:<\/strong><\/h2>\n<ul>\n<li>Arbeiten am Ger\u00e4t d\u00fcrfen nur mit einem g\u00fcltigen Bescheid der Technischen \u00dcberwachungsbeh\u00f6rde durchgef\u00fchrt werden<\/li>\n<li>der Bediener muss beim Betrieb des Ger\u00e4ts jederzeit alle Vorschriften beachten <a href=\"https:\/\/kursy-udt.pl\/de\/szkolenia\/bhp-bezpieczenstwo-pracy\/prawna-ochrona-pracy\/\">GESUNDHEIT UND SICHERHEIT<\/a>einschlie\u00dflich der Arbeitsanweisungen und zus\u00e4tzlich der Anweisungen f\u00fcr die Bedienung des Ger\u00e4ts<\/li>\n<li>Arbeiten mit dem Werkzeug d\u00fcrfen nur von einer Person durchgef\u00fchrt werden, die \u00fcber die entsprechenden <a href=\"https:\/\/kursy-udt.pl\/de\/uprawnienia-udt\/kategorie-uprawnien-2\/\">Anrechte<\/a> f\u00fcr Krane<\/li>\n<li>bei M\u00e4ngeln den Betrieb sofort einstellen, das Ger\u00e4t stilllegen und den Verantwortlichen informieren<\/li>\n<\/ul>\n<h2 class=\"naglowekh2\"><strong>Ma\u00dfnahmen, die vor Beginn der Arbeiten ergriffen werden m\u00fcssen:<\/strong><\/h2>\n<ul>\n<li><a href=\"https:\/\/kursy-udt.pl\/wp-content\/uploads\/2022\/10\/screen_2x.jpeg\"><img loading=\"lazy\" decoding=\"async\" class=\"size-medium wp-image-4476 alignright\" src=\"https:\/\/kursy-udt.pl\/wp-content\/uploads\/2022\/10\/screen_2x-300x200.jpeg\" alt=\"\" width=\"300\" height=\"200\" srcset=\"https:\/\/kursy-udt.pl\/wp-content\/uploads\/2022\/10\/screen_2x-300x200.jpeg 300w, https:\/\/kursy-udt.pl\/wp-content\/uploads\/2022\/10\/screen_2x-1024x683.jpeg 1024w, https:\/\/kursy-udt.pl\/wp-content\/uploads\/2022\/10\/screen_2x-768x512.jpeg 768w, https:\/\/kursy-udt.pl\/wp-content\/uploads\/2022\/10\/screen_2x-1536x1024.jpeg 1536w, https:\/\/kursy-udt.pl\/wp-content\/uploads\/2022\/10\/screen_2x-18x12.jpeg 18w, https:\/\/kursy-udt.pl\/wp-content\/uploads\/2022\/10\/screen_2x-624x416.jpeg 624w, https:\/\/kursy-udt.pl\/wp-content\/uploads\/2022\/10\/screen_2x.jpeg 1600w\" sizes=\"auto, (max-width: 300px) 100vw, 300px\" \/><\/a>sich auf die aktuellen Informationen im Betriebs-, Wartungs- oder Inbetriebnahmebuch f\u00fcr das betreffende Ger\u00e4t beziehen<\/li>\n<li>Pr\u00fcfen Sie, ob das Ger\u00e4t an einem sicheren Ort steht und ob sich in der N\u00e4he des Ger\u00e4ts keine gef\u00e4hrlichen Gegenst\u00e4nde oder Personen befinden.<\/li>\n<li>alle Gewichte der zu bewegenden Lasten sorgf\u00e4ltig zu pr\u00fcfen und mit der maximalen Tragf\u00e4higkeit des Ger\u00e4ts zu vergleichen, um den Grenzwert nicht zu \u00fcberschreiten<\/li>\n<li>Kommunikationszeichen m\u00fcssen mit dem Hakenbetreiber vereinbart werden<\/li>\n<li>den Lagerraum richtig vorbereiten<\/li>\n<li>eine Inspektion des Ger\u00e4ts durchf\u00fchren - dies ist ein wichtiger Punkt, der jedes Mal vor Beginn der Arbeiten durchgef\u00fchrt werden muss<\/li>\n<\/ul>\n<h2 class=\"naglowekh2\"><strong>Eine \u00dcbersicht \u00fcber das Ger\u00e4t besteht aus:<\/strong><\/h2>\n<ul>\n<li>visuelle Funktionskontrolle - \u00dcberpr\u00fcfung der Arbeitsumgebung, des Fahrwerks, des Zustands der Ausr\u00fcstung und der einzelnen Komponenten, z. B. auf mechanische Besch\u00e4digungen oder Undichtigkeiten; au\u00dferdem \u00dcberpr\u00fcfung des Fahrwerks der Winde und der Br\u00fccke, des Seils, der Lastkette, des Greifers, der Schutzvorrichtungen. Vergewissern Sie sich au\u00dferdem, dass das Ger\u00e4t nicht blockiert oder au\u00dfer Betrieb ist oder gerade gewartet oder \u00fcberpr\u00fcft wird.<\/li>\n<li>\u00dcberpr\u00fcfung der einzelnen Sicherheitskomponenten - \u00dcberpr\u00fcfung der Funktionsf\u00e4higkeit des Hauptschalters, der Kassettensteuerung, der Warnmechanismen, der Bewegungssperren, der Steuereinrichtungen, des \"STOP\"-Schalters, der Endschalter, der Lastbremse und des Hubbegrenzers und der Rutschkupplung auch bei der Ausr\u00fcstung. Au\u00dferdem muss der Bediener \u00fcberpr\u00fcfen, ob die Bewegungen des Ger\u00e4ts mit den Markierungen auf dem Bedienfeld \u00fcbereinstimmen.<\/li>\n<li>\u00dcberpr\u00fcfung der Effizienz der Antriebsmechanismen - ein Probelauf der Maschine ist erforderlich<\/li>\n<\/ul>\n<p>Schlie\u00dflich sollte der Abschluss der Arbeiten im Arbeitsbuch vermerkt werden.<\/p>\n<div class=\"button_styl\" style=\"float: right; padding-left: 15px; padding-bottom: 8px; margin-bottom: 5px;\"><a class=\"myButton myButton_maly\" href=\"https:\/\/platformaedukacji.pl\/login\/signup.php\" target=\"_blank\" rel=\"nofollow noopener\"><span style=\"color: white;\">Anmeldung zur Schulung<\/span><\/a><\/div>\n<div style=\"padding-top: 70px;\">\n<h2 class=\"naglowekh2\">Weitere Informationen:<\/h2>\n<div style=\"text-align: center; font-size: 85%; line-height: 120%;\">\n<div style=\"float: left; margin-right: 40px; height: 290px;\">\n<p><a href=\"\/de\/ausbildung\/kranbahn\/bau-von-kranen\/\"><img decoding=\"async\" src=\"\/wp-content\/uploads\/2014\/08\/budowa.jpg\" alt=\"\" \/><\/a><\/p>\n<div style=\"width: 300px; font-size: 130%;\"><strong>Bau von Kr\u00e4nen<\/strong><\/div>\n<p>&nbsp;<\/p>\n<\/div>\n<div style=\"float: left; margin-right: 40px; height: 290px;\">\n<p><a href=\"\/de\/ausbildung\/kranbahn\/verbotene-aktivitaten\/\"><img decoding=\"async\" src=\"\/wp-content\/uploads\/2014\/08\/zabronione.jpg\" alt=\"\" \/><\/a><\/p>\n<div style=\"width: 300px; font-size: 130%;\"><strong>Verbotene Aktivit\u00e4ten<\/strong><\/div>\n<p>&nbsp;<\/p>\n<\/div>\n<\/div>\n<div style=\"clear: both;\"><\/div>\n<div style=\"text-align: center; font-size: 85%; line-height: 120%;\">\n<div style=\"float: left; margin-right: 40px; height: 290px;\">\n<p><a href=\"\/de\/ausbildung\/kranbahn\/vorbereitende-tatigkeiten\/\"><img decoding=\"async\" src=\"\/wp-content\/uploads\/2014\/08\/przygotowanie.jpg\" alt=\"\" \/><\/a><\/p>\n<div style=\"width: 300px; font-size: 130%;\"><strong>Vorbereitende T\u00e4tigkeiten<\/strong><\/div>\n<p>&nbsp;<\/p>\n<\/div>\n<div style=\"float: left; margin-right: 40px; height: 290px;\">\n<p><a href=\"\/de\/ausbildung\/kranbahn\/wenn-die-arbeiten-abgeschlossen-sind\/\"><img decoding=\"async\" src=\"\/wp-content\/uploads\/2014\/08\/po-pracy.jpg\" alt=\"\" \/><\/a><\/p>\n<div style=\"width: 300px; font-size: 130%;\"><strong>Nach der Arbeit<\/strong><\/div>\n<p>&nbsp;<\/p>\n<\/div>\n<\/div>\n<div style=\"text-align: center; font-size: 85%; line-height: 120%;\">\n<div style=\"float: left; margin-right: 40px; height: 290px;\">\n<p><a href=\"\/de\/ausbildung\/kranbahn\/\"><img decoding=\"async\" style=\"width: 300px; height: 225px;\" src=\"\/wp-content\/uploads\/2014\/04\/suwnice.jpeg\" alt=\"\" \/><\/a><\/p>\n<div style=\"width: 300px; font-size: 130%;\"><strong>Kranichkurs<\/strong><\/div>\n<p>&nbsp;<\/p>\n<\/div>\n<\/div>\n<\/div>","protected":false},"excerpt":{"rendered":"<p>Czynno\u015bci przed podj\u0119ciem pracy z suwnic\u0105 Najbardziej skutecznym sposobem na zmniejszenie ryzyka zagro\u017ce\u0144, w tym wypadk\u00f3w przy pracy podczas obs\u0142ugiwania suwnic jest precyzyjna znajomo\u015b\u0107 zasad bezpiecze\u0144stwa i higieny pracy oraz ich przestrzeganie. Czynno\u015bci te musz\u0105 by\u0107 prowadzone zar\u00f3wno przed, jak i podczas i po zako\u0144czeniu obs\u0142ugi urz\u0105dzenia. Poni\u017cej przedstawiamy niezb\u0119dne czynno\u015bci przed podj\u0119ciem pracy. Przed rozpocz\u0119ciem pracy ka\u017cdy operator urz\u0105dzenia jest zobowi\u0105zany g\u0142\u00f3wnie do wykonania specjalnych prac kontrolnych. Ich celem jest zapewnienie zar\u00f3wno sobie, jak i pozosta\u0142ym pracownikom bezpiecze\u0144stwa pracy na swoich stanowiskach. O nast\u0119puj\u0105cych czynno\u015bciach uczy ka\u017cdy kurs na suwnice, dlatego osoba po jego zako\u0144czeniu powinna wiedzie\u0107, jak przyst\u0105pi\u0107 do pracy. Najwa\u017cniejsze zasady przed przyst\u0105pieniem do pracy z suwnicami: prace z u\u017cyciem urz\u0105dzenia mo\u017cna wykonywa\u0107 jedynie w przypadku, w kt\u00f3rym posiada ono wa\u017cn\u0105 decyzj\u0119 wydan\u0105 przez Urz\u0105d Dozoru Technicznego przy eksploatacji urz\u0105dzenia operator musi stale przestrzega\u0107 wszystkich przepis\u00f3w BHP, w tym instrukcji stanowiskowej oraz dodatkowo instrukcji obs\u0142ugi urz\u0105dzenia prace z u\u017cyciem narz\u0119dzia mog\u0105 by\u0107 prowadzone jedynie przez osob\u0119 posiadaj\u0105c\u0105 stosowne uprawnienia na suwnice w przypadku zauwa\u017cenia usterek nale\u017cy natychmiastowo zatrzyma\u0107 prac\u0119, unieruchomi\u0107 urz\u0105dzenie oraz zawiadomi\u0107 osob\u0119 odpowiedzialn\u0105 Czynno\u015bci, kt\u00f3re musz\u0105 by\u0107 podj\u0119te przed rozpocz\u0119ciem pracy: nale\u017cy zapozna\u0107 si\u0119 z aktualnymi informacjami zawartymi w ksi\u0105\u017cce eksploatacji, ksi\u0105\u017cce obs\u0142ugi lub ksi\u0105\u017cce zdawczo-odbiorczej dla danego urz\u0105dzenia nale\u017cy sprawdzi\u0107, czy urz\u0105dzenie znajduje si\u0119 w bezpiecznej pozycji i w jego s\u0105siedztwie nie znajduj\u0105 si\u0119 stwarzaj\u0105ce zagro\u017cenie przedmioty lub osoby nale\u017cy dok\u0142adnie sprawdzi\u0107 wszystkie masy \u0142adunk\u00f3w, kt\u00f3re maj\u0105 by\u0107 przeniesione, i por\u00f3wna\u0107 je z maksymalnymi mo\u017cliwo\u015bciami urz\u0105dzenia, aby nie przekroczy\u0107 limitu nale\u017cy uzgodni\u0107 z operatorem haku znaki komunikacyjne nale\u017cy odpowiednio [&hellip;]<\/p>\n","protected":false},"author":1,"featured_media":4476,"parent":1322,"menu_order":7,"comment_status":"closed","ping_status":"closed","template":"","meta":{"sfsi_plus_gutenberg_text_before_share":"","sfsi_plus_gutenberg_show_text_before_share":"","sfsi_plus_gutenberg_icon_type":"","sfsi_plus_gutenberg_icon_alignemt":"","sfsi_plus_gutenburg_max_per_row":"","footnotes":""},"class_list":["post-1332","page","type-page","status-publish","has-post-thumbnail","hentry","has_thumb"],"aioseo_notices":[],"_links":{"self":[{"href":"https:\/\/kursy-udt.pl\/de\/wp-json\/wp\/v2\/pages\/1332","targetHints":{"allow":["GET"]}}],"collection":[{"href":"https:\/\/kursy-udt.pl\/de\/wp-json\/wp\/v2\/pages"}],"about":[{"href":"https:\/\/kursy-udt.pl\/de\/wp-json\/wp\/v2\/types\/page"}],"author":[{"embeddable":true,"href":"https:\/\/kursy-udt.pl\/de\/wp-json\/wp\/v2\/users\/1"}],"replies":[{"embeddable":true,"href":"https:\/\/kursy-udt.pl\/de\/wp-json\/wp\/v2\/comments?post=1332"}],"version-history":[{"count":9,"href":"https:\/\/kursy-udt.pl\/de\/wp-json\/wp\/v2\/pages\/1332\/revisions"}],"predecessor-version":[{"id":4477,"href":"https:\/\/kursy-udt.pl\/de\/wp-json\/wp\/v2\/pages\/1332\/revisions\/4477"}],"up":[{"embeddable":true,"href":"https:\/\/kursy-udt.pl\/de\/wp-json\/wp\/v2\/pages\/1322"}],"wp:featuredmedia":[{"embeddable":true,"href":"https:\/\/kursy-udt.pl\/de\/wp-json\/wp\/v2\/media\/4476"}],"wp:attachment":[{"href":"https:\/\/kursy-udt.pl\/de\/wp-json\/wp\/v2\/media?parent=1332"}],"curies":[{"name":"wp","href":"https:\/\/api.w.org\/{rel}","templated":true}]}}