{"id":1330,"date":"2014-08-12T22:07:54","date_gmt":"2014-08-12T22:07:54","guid":{"rendered":"http:\/\/kursy-udt.pl\/?page_id=1330"},"modified":"2022-10-14T12:14:41","modified_gmt":"2022-10-14T12:14:41","slug":"verbotene-aktivitaten","status":"publish","type":"page","link":"https:\/\/kursy-udt.pl\/de\/szkolenia\/kurs-na-suwnice\/czynnosci-zabronione\/","title":{"rendered":"Verbotene Aktivit\u00e4ten"},"content":{"rendered":"<h2 class=\"naglowekh2\"><img loading=\"lazy\" decoding=\"async\" class=\"paddingleft10 alignleft wp-image-1344\" src=\"https:\/\/kursy-udt.pl\/wp-content\/uploads\/2014\/08\/zabronione_m.jpg\" alt=\"\" width=\"200\" height=\"150\" \/>Verbotene T\u00e4tigkeiten beim Betrieb von Kr\u00e4nen<\/h2>\n<p>Der Kranf\u00fchrer muss daran denken, die Betriebsvorschriften einzuhalten - die Nichteinhaltung aller Vorschriften erh\u00f6ht das Risiko von Arbeitsunf\u00e4llen erheblich. Alle <a href=\"https:\/\/kursy-udt.pl\/de\/szkolenia\/kurs-na-suwnice\/\">Kranbahn<\/a> umfasst einen Themenblock zum Thema Sicherheit und Gesundheitsschutz bei der Bedienung von Ger\u00e4ten. Zu den bereitgestellten Informationen geh\u00f6ren auch solche, die sich auf kategorisch verbotene T\u00e4tigkeiten beim Betrieb eines Br\u00fcckenkrans beziehen. Dazu geh\u00f6ren:<\/p>\n<ul>\n<li>keine Person darf das Ger\u00e4t bedienen, wenn sie nicht ordnungsgem\u00e4\u00df vom Technischen \u00dcberwachungsverein dazu erm\u00e4chtigt ist<\/li>\n<li>es ist verboten, Ger\u00e4te zu verwenden, die nicht in Ordnung sind oder f\u00fcr die keine g\u00fcltige Entscheidung des Technischen \u00dcberwachungsvereins oder des TADT vorliegt, die die Durchf\u00fchrung der Arbeiten genehmigt<\/li>\n<li>es ist verboten, nach dem Konsum von Alkohol, anderen berauschenden Mitteln und Drogen, die die geistige und k\u00f6rperliche Leistungsf\u00e4higkeit beeintr\u00e4chtigen, zu arbeiten<\/li>\n<li>Verwenden Sie keine unpassenden oder besch\u00e4digten Hebegurte.<\/li>\n<li>heben Sie keine Lasten, die die Tragf\u00e4higkeit \u00fcberschreiten - dies kann eine unmittelbare Gefahr f\u00fcr das Leben oder die Gesundheit des Bedieners und der Arbeiter vor Ort darstellen<\/li>\n<li>es ist verboten, Lasten zu heben, die sich au\u00dferhalb der Reichweite der Regelung befinden<\/li>\n<li>Lasten nicht diagonal ziehen<\/li>\n<li>das Anheben von Lasten und Gegenst\u00e4nden, die fest mit der Fahrbahn verbunden, z. B. verschraubt, verschwei\u00dft oder eingefroren sind, ist w\u00e4hrend der Winterzeit nicht gestattet<\/li>\n<li>es ist verboten, Lasten direkt \u00fcber den Arbeitspl\u00e4tzen der Arbeitnehmer oder \u00fcber anderen Personen am Arbeitsplatz zu bewegen<\/li>\n<li>die Last darf nicht auf der Greifvorrichtung verbleiben, ohne dass sie gel\u00f6st wird<\/li>\n<li>es ist verboten, mit einem Wagen, einem Zugfahrzeug oder einer Br\u00fccke \u00fcber Sicherheitsverbindungen zu fahren oder zu fahren<\/li>\n<li>Verwenden Sie das Drahtseil nicht als Lastaufnahmemittel<\/li>\n<li>Die \u00dcberlastsicherung darf beim Wiegen von Lasten nicht verwendet werden.<\/li>\n<li>Wartungsarbeiten, z. B. Schmieren und Reinigen, d\u00fcrfen nicht w\u00e4hrend des Betriebs durchgef\u00fchrt werden.<\/li>\n<li>F\u00fchren Sie keine Reparaturen oder Einstellungen am Ger\u00e4t oder an einem seiner Bestandteile selbst durch, w\u00e4hrend es in Betrieb ist, oder ohne die daf\u00fcr erforderliche Genehmigung<\/li>\n<\/ul>\n<div class=\"filmw\">\n<div class=\"responsive-youtube\" style=\"text-align: center;\"><iframe loading=\"lazy\" title=\"YouTube-Video-Player\" src=\"https:\/\/www.youtube.com\/embed\/0BIkkFvLgew\" width=\"560\" height=\"315\" frameborder=\"0\" allowfullscreen=\"allowfullscreen\"><\/iframe><\/div>\n<\/div>\n<p>Jede Person, die einen Antrag auf <a href=\"https:\/\/kursy-udt.pl\/de\/uprawnienia-udt\/kategorie-uprawnien-2\/\">Anrechte<\/a> auf Br\u00fcckenkr\u00e4nen sollten mit allen Verfahren vertraut sein, die mit dem Betrieb des Ger\u00e4ts verbunden sind. Ohne sie zu kennen, ist das Risiko eines Arbeitsunfalls viel h\u00f6her.<\/p>\n<h2 class=\"naglowekh2\"><strong>Erinnern Sie sich!<\/strong><\/h2>\n<ul>\n<li>Arbeiten mit Br\u00fcckenkr\u00e4nen d\u00fcrfen nur auf der Grundlage einer g\u00fcltigen Entscheidung des Technischen \u00dcberwachungsvereins durchgef\u00fchrt werden, die den Betrieb genehmigt<\/li>\n<li>Beachten Sie bei der Bedienung des Ger\u00e4ts die Betriebsanleitung <a href=\"https:\/\/kursy-udt.pl\/de\/szkolenia\/bhp-bezpieczenstwo-pracy\/prawna-ochrona-pracy\/\">GESUNDHEIT UND SICHERHEIT<\/a> und Bedienungsanleitungen<\/li>\n<li>Stellt ein Arbeitnehmer Sch\u00e4den am Ger\u00e4t fest, so sind die Arbeiten sofort einzustellen, das Ger\u00e4t au\u00dfer Betrieb zu setzen und die f\u00fcr seinen technischen Zustand verantwortlichen Personen zu informieren.<\/li>\n<li><a href=\"https:\/\/kursy-udt.pl\/wp-content\/uploads\/2022\/10\/1-5.jpeg\"><img loading=\"lazy\" decoding=\"async\" class=\"aligncenter wp-image-4472\" src=\"https:\/\/kursy-udt.pl\/wp-content\/uploads\/2022\/10\/1-5-300x225.jpeg\" alt=\"\" width=\"750\" height=\"563\" srcset=\"https:\/\/kursy-udt.pl\/wp-content\/uploads\/2022\/10\/1-5-300x225.jpeg 300w, https:\/\/kursy-udt.pl\/wp-content\/uploads\/2022\/10\/1-5-1024x768.jpeg 1024w, https:\/\/kursy-udt.pl\/wp-content\/uploads\/2022\/10\/1-5-768x576.jpeg 768w, https:\/\/kursy-udt.pl\/wp-content\/uploads\/2022\/10\/1-5-1536x1152.jpeg 1536w, https:\/\/kursy-udt.pl\/wp-content\/uploads\/2022\/10\/1-5-16x12.jpeg 16w, https:\/\/kursy-udt.pl\/wp-content\/uploads\/2022\/10\/1-5-640x480.jpeg 640w, https:\/\/kursy-udt.pl\/wp-content\/uploads\/2022\/10\/1-5-624x468.jpeg 624w, https:\/\/kursy-udt.pl\/wp-content\/uploads\/2022\/10\/1-5.jpeg 1600w\" sizes=\"auto, (max-width: 750px) 100vw, 750px\" \/><\/a><\/li>\n<\/ul>\n<p>&nbsp;<\/p>\n<p>Wenn Sie daran interessiert sind, die erforderlichen Berechtigungen f\u00fcr die Bedienung der vorgestellten Ger\u00e4te zu erwerben, laden wir Sie herzlich ein, einen Br\u00fcckenkran-Kurs bei uns zu besuchen <a href=\"https:\/\/kursy-udt.pl\/de\/o-firmie\/\">ERGON Zentrum f\u00fcr Personalentwicklung<\/a>. Bei uns werden Sie gr\u00fcndlich mit allen Fragen des Arbeitsschutzes und der Bedienung der Ger\u00e4te vertraut gemacht und k\u00f6nnen die Pr\u00fcfung vor dem Technischen \u00dcberwachungsverein ablegen.<\/p>\n<div class=\"button_styl\" style=\"float: right; padding-left: 15px; padding-bottom: 8px; margin-bottom: 5px;\"><a class=\"myButton myButton_maly\" href=\"https:\/\/platformaedukacji.pl\/login\/signup.php\" target=\"_blank\" rel=\"nofollow noopener\"><span style=\"color: white;\">Anmeldung zur Schulung<\/span><\/a><\/div>\n<div style=\"padding-top: 70px;\">\n<h2>Weitere Informationen:<\/h2>\n<div style=\"text-align: center; font-size: 85%; line-height: 120%;\">\n<div style=\"float: left; margin-right: 40px; height: 290px;\">\n<p><a href=\"\/de\/ausbildung\/kranbahn\/bau-von-kranen\/\"><img decoding=\"async\" src=\"\/wp-content\/uploads\/2014\/08\/budowa.jpg\" alt=\"\" \/><\/a><\/p>\n<div style=\"width: 300px; font-size: 130%;\"><strong>Bau von Kr\u00e4nen<\/strong><\/div>\n<p>&nbsp;<\/p>\n<\/div>\n<div style=\"float: left; margin-right: 40px; height: 290px;\">\n<p><a href=\"\/de\/ausbildung\/kranbahn\/verbotene-aktivitaten\/\"><img decoding=\"async\" src=\"\/wp-content\/uploads\/2014\/08\/zabronione.jpg\" alt=\"\" \/><\/a><\/p>\n<div style=\"width: 300px; font-size: 130%;\"><strong>Verbotene Aktivit\u00e4ten<\/strong><\/div>\n<p>&nbsp;<\/p>\n<\/div>\n<\/div>\n<div style=\"clear: both;\"><\/div>\n<div style=\"text-align: center; font-size: 85%; line-height: 120%;\">\n<div style=\"float: left; margin-right: 40px; height: 290px;\">\n<p><a href=\"\/de\/ausbildung\/kranbahn\/vorbereitende-tatigkeiten\/\"><img decoding=\"async\" src=\"\/wp-content\/uploads\/2014\/08\/przygotowanie.jpg\" alt=\"\" \/><\/a><\/p>\n<div style=\"width: 300px; font-size: 130%;\"><strong>Vorbereitende T\u00e4tigkeiten<\/strong><\/div>\n<p>&nbsp;<\/p>\n<\/div>\n<div style=\"float: left; margin-right: 40px; height: 290px;\">\n<p><a href=\"\/de\/ausbildung\/kranbahn\/wenn-die-arbeiten-abgeschlossen-sind\/\"><img decoding=\"async\" src=\"\/wp-content\/uploads\/2014\/08\/po-pracy.jpg\" alt=\"\" \/><\/a><\/p>\n<div style=\"width: 300px; font-size: 130%;\"><strong>Nach der Arbeit<\/strong><\/div>\n<p>&nbsp;<\/p>\n<\/div>\n<\/div>\n<div style=\"text-align: center; font-size: 85%; line-height: 120%;\">\n<div style=\"float: left; margin-right: 40px; height: 290px;\">\n<p><a href=\"\/de\/ausbildung\/kranbahn\/\"><img decoding=\"async\" style=\"width: 300px; height: 225px;\" src=\"\/wp-content\/uploads\/2014\/04\/suwnice.jpeg\" alt=\"\" \/><\/a><\/p>\n<div style=\"width: 300px; font-size: 130%;\"><strong>Kranichkurs<\/strong><\/div>\n<p>&nbsp;<\/p>\n<\/div>\n<\/div>\n<\/div>","protected":false},"excerpt":{"rendered":"<p>Czynno\u015bci niedozwolone podczas obs\u0142ugi suwnic Operator suwnic musi pami\u0119ta\u0107 o przestrzeganiu przepis\u00f3w obs\u0142ugi \u2013 niedotrzymanie wszystkich wymog\u00f3w znacznie zwi\u0119ksza ryzyko wypadk\u00f3w przy pracy. Ka\u017cdy kurs na suwnice obejmuje blok tematyczny zwi\u0105zany z bezpiecze\u0144stwem oraz higien\u0105 pracy podczas obs\u0142ugi urz\u0105dze\u0144. W\u015br\u00f3d przekazywanych informacji znajduj\u0105 si\u0119 r\u00f3wnie\u017c te dotycz\u0105ce kategorycznie zabronionych czynno\u015bci podczas operowania suwnic\u0105. W\u015br\u00f3d nich znajduj\u0105 si\u0119: operatorem urz\u0105dzenia nie mo\u017ce zosta\u0107 osoba bez stosownych uprawnie\u0144 wydanych przez Urz\u0105d Dozoru Technicznego nie wolno korzysta\u0107 z urz\u0105dzenia niesprawnego lub te\u017c bez obowi\u0105zuj\u0105cej decyzji wydanej przez UDT lub TDT, kt\u00f3ra zezwala na wykonanie pracy nie wolno przyst\u0119powa\u0107 do pracy po spo\u017cyciu alkoholu, a tak\u017ce innych substancji odurzaj\u0105cych oraz lek\u00f3w, kt\u00f3re zaburzaj\u0105 sprawno\u015b\u0107 psychofizyczn\u0105 nie wolno stosowa\u0107 niedopasowanych zawiesi lub te\u017c zawiesi uszkodzonych nie wolno podnosi\u0107 \u0142adunk\u00f3w, kt\u00f3rych ci\u0119\u017car jest wi\u0119kszy ni\u017c dopuszczalny ud\u017awig \u2013 mo\u017ce to spowodowa\u0107 bezpo\u015brednie zagro\u017cenie \u017cycia lub zdrowia operatora i pracownik\u00f3w na terenie zak\u0142adu pracy nie wolno podnosi\u0107 \u0142adunk\u00f3w, kt\u00f3re zlokalizowane s\u0105 poza zasi\u0119giem rz\u0105dzenia nie wolno ci\u0105gn\u0105\u0107 \u0142adunk\u00f3w uko\u015bnie nie wolno podnosi\u0107 tych \u0142adunk\u00f3w oraz obiekt\u00f3w, kt\u00f3re s\u0105 przytwierdzone do nawierzchni, na przyk\u0142ad przykr\u0119cone, przyspawane czy te\u017c przymarzni\u0119te w okresie zimowym nie wolno przenosi\u0107 \u0142adunk\u00f3w bezpo\u015brednio nad stanowiskami pracy pracownik\u00f3w lub nad innymi osobami przebywaj\u0105cymi na terenie zak\u0142adu pracy nie wolno pozostawia\u0107 \u0142adunku na urz\u0105dzeniu chwytnym bez jego odwieszenia nie wolno przeje\u017cd\u017ca\u0107 lub naje\u017cd\u017ca\u0107 na \u0142\u0105czniki bezpiecze\u0144stwa w\u00f3zkiem, ci\u0119gnikiem lub mostem nie wolno wykorzystywa\u0107 ci\u0119gna linowego jako elementu do podnoszenia \u0142adunk\u00f3w nie wolno stosowa\u0107 zabezpiecze\u0144 przed przeci\u0105\u017ceniami podczas wa\u017cenia \u0142adunk\u00f3w nie wolno przeprowadza\u0107 prac konserwacyjnych, na przyk\u0142ad smarowania i czyszczenia urz\u0105dzenia podczas [&hellip;]<\/p>\n","protected":false},"author":1,"featured_media":4472,"parent":1322,"menu_order":5,"comment_status":"closed","ping_status":"closed","template":"","meta":{"sfsi_plus_gutenberg_text_before_share":"","sfsi_plus_gutenberg_show_text_before_share":"","sfsi_plus_gutenberg_icon_type":"","sfsi_plus_gutenberg_icon_alignemt":"","sfsi_plus_gutenburg_max_per_row":"","footnotes":""},"class_list":["post-1330","page","type-page","status-publish","has-post-thumbnail","hentry","has_thumb"],"aioseo_notices":[],"_links":{"self":[{"href":"https:\/\/kursy-udt.pl\/de\/wp-json\/wp\/v2\/pages\/1330","targetHints":{"allow":["GET"]}}],"collection":[{"href":"https:\/\/kursy-udt.pl\/de\/wp-json\/wp\/v2\/pages"}],"about":[{"href":"https:\/\/kursy-udt.pl\/de\/wp-json\/wp\/v2\/types\/page"}],"author":[{"embeddable":true,"href":"https:\/\/kursy-udt.pl\/de\/wp-json\/wp\/v2\/users\/1"}],"replies":[{"embeddable":true,"href":"https:\/\/kursy-udt.pl\/de\/wp-json\/wp\/v2\/comments?post=1330"}],"version-history":[{"count":8,"href":"https:\/\/kursy-udt.pl\/de\/wp-json\/wp\/v2\/pages\/1330\/revisions"}],"predecessor-version":[{"id":4475,"href":"https:\/\/kursy-udt.pl\/de\/wp-json\/wp\/v2\/pages\/1330\/revisions\/4475"}],"up":[{"embeddable":true,"href":"https:\/\/kursy-udt.pl\/de\/wp-json\/wp\/v2\/pages\/1322"}],"wp:featuredmedia":[{"embeddable":true,"href":"https:\/\/kursy-udt.pl\/de\/wp-json\/wp\/v2\/media\/4472"}],"wp:attachment":[{"href":"https:\/\/kursy-udt.pl\/de\/wp-json\/wp\/v2\/media?parent=1330"}],"curies":[{"name":"wp","href":"https:\/\/api.w.org\/{rel}","templated":true}]}}