{"id":1327,"date":"2014-08-12T22:04:57","date_gmt":"2014-08-12T22:04:57","guid":{"rendered":"http:\/\/kursy-udt.pl\/?page_id=1327"},"modified":"2022-10-14T12:11:01","modified_gmt":"2022-10-14T12:11:01","slug":"bau-von-kranen","status":"publish","type":"page","link":"https:\/\/kursy-udt.pl\/de\/szkolenia\/kurs-na-suwnice\/budowa-suwnic\/","title":{"rendered":"Bau von Kr\u00e4nen"},"content":{"rendered":"<p><img loading=\"lazy\" decoding=\"async\" class=\"paddingleft10 alignleft wp-image-3369\" src=\"https:\/\/kursy-udt.pl\/wp-content\/uploads\/2021\/06\/budowa_m.jpg\" alt=\"\" width=\"200\" height=\"150\" \/>Br\u00fcckenkr\u00e4ne werden auch als Kr\u00e4ne bezeichnet, die zum Absenken und Anheben von G\u00fctern \u00fcber eine Winde oder ein Hebezeug dienen. Die darauf abgestellten G\u00fcter sind in ihrer Flugbahn, ihrer Hub- und Senkh\u00f6he und der Breite der Ger\u00e4tebr\u00fccke begrenzt.<\/p>\n<p>Bei den Konstruktionselementen wird zwischen mechanischen und elektrischen Elementen unterschieden. Wenn Sie w\u00e4hlen <a href=\"https:\/\/kursy-udt.pl\/de\/szkolenia\/kurs-na-suwnice\/\">Kranbahn<\/a>Die genauen Informationen \u00fcber die Konstruktion des Ger\u00e4ts werden dann im Unterricht vermittelt. Unten sehen Sie eine schematische Darstellung der Krankonstruktion.<\/p>\n<h2 class=\"naglowekh2\">\u00a0Mechanische Elemente:<\/h2>\n<ul>\n<li>auf der Schiene - Nocken und Puffer<\/li>\n<li>die Stahlkonstruktion des Ger\u00e4ts, d. h. das vordere Ende - Antriebsmechanismus, Antriebs- und Laufrad, Puffer, Anhaltekrallen, Endschalter, Windschutz und Kupferb\u00fcrsten<\/li>\n<li>die Br\u00fccke, in der Regel ein I-Tr\u00e4ger, der f\u00fcr den Weg des Drehgestells verantwortlich ist und die Puffer enth\u00e4lt<\/li>\n<li>Antriebsdrehgestell - bestehend aus einem Motor und einem Zahnradgetriebe<\/li>\n<li>Hubwerk - Geh\u00e4use, Drahtseil, Antriebsmotor, Getriebe, Kette oder Seiltrommel mit Rillen, Seilf\u00fchrungsring, Seile mit Puffern und Endschalter, Hakenflasche und Haken<\/li>\n<\/ul>\n<div class=\"filmw\">\n<div class=\"responsive-youtube\" style=\"text-align: center;\"><iframe loading=\"lazy\" title=\"YouTube-Video-Player\" src=\"https:\/\/www.youtube.com\/embed\/0BIkkFvLgew\" width=\"560\" height=\"315\" frameborder=\"0\" allowfullscreen=\"allowfullscreen\"><\/iframe><\/div>\n<\/div>\n<h2 class=\"naglowekh2\">Elektrische Komponenten:<\/h2>\n<ul>\n<li>Kranschalter - zust\u00e4ndig f\u00fcr das Aus- und Einschalten des Stroms \u00fcber den Stromkreis<\/li>\n<li>Netzschalter - zust\u00e4ndig f\u00fcr das Ein- und Ausschalten des Krans, normalerweise auf der Plattform installiert<\/li>\n<li>Laufkatzen - Stromabnehmer<\/li>\n<li>Steuer- und Verteilerschr\u00e4nke<\/li>\n<li>Installationsschaltk\u00e4sten auf der Br\u00fccke<\/li>\n<li>Steuerger\u00e4t<\/li>\n<li>Endschalter<\/li>\n<\/ul>\n<p>Alle Komponenten sind f\u00fcr drei grundlegende Bewegungen verantwortlich: die Bewegungen der Plattform, die Bewegungen des Gest\u00e4nges und die Hubbewegungen des Hebegurts, auf den die Last gelegt wird. Dies erleichtert den Transport auf der Baustelle, auch bei gr\u00f6\u00dferen und schwereren Lasten.<\/p>\n<p>Je nach Krantyp werden auch die einzelnen Bauteile unterschieden.<\/p>\n<h2 class=\"naglowekh2\">Aufbau eines Gateway-Modells:<\/h2>\n<p>Portale verwenden eine Plattform, die an seitlichen Br\u00fccken aufgeh\u00e4ngt ist, die die Verbindung zwischen zwei oder mehreren Toren darstellen. Die Portale haben Fahrgestelle auf R\u00e4dern oder auf Schienen. Die Br\u00fcckenpfeiler werden von Spanngliedern durchquert.<\/p>\n<p><a href=\"https:\/\/kursy-udt.pl\/wp-content\/uploads\/2022\/10\/1-4.jpeg\"><img loading=\"lazy\" decoding=\"async\" class=\"size-medium wp-image-4469 alignright\" src=\"https:\/\/kursy-udt.pl\/wp-content\/uploads\/2022\/10\/1-4-300x211.jpeg\" alt=\"\" width=\"300\" height=\"211\" srcset=\"https:\/\/kursy-udt.pl\/wp-content\/uploads\/2022\/10\/1-4-300x211.jpeg 300w, https:\/\/kursy-udt.pl\/wp-content\/uploads\/2022\/10\/1-4-1024x721.jpeg 1024w, https:\/\/kursy-udt.pl\/wp-content\/uploads\/2022\/10\/1-4-768x541.jpeg 768w, https:\/\/kursy-udt.pl\/wp-content\/uploads\/2022\/10\/1-4-1536x1082.jpeg 1536w, https:\/\/kursy-udt.pl\/wp-content\/uploads\/2022\/10\/1-4-18x12.jpeg 18w, https:\/\/kursy-udt.pl\/wp-content\/uploads\/2022\/10\/1-4-624x440.jpeg 624w, https:\/\/kursy-udt.pl\/wp-content\/uploads\/2022\/10\/1-4.jpeg 1600w\" sizes=\"auto, (max-width: 300px) 100vw, 300px\" \/><\/a><\/p>\n<h2 class=\"naglowekh2\">Aufbau eines \u00dcberbr\u00fcckungsmodells:<\/h2>\n<p>Bei den Br\u00fcckenmodellen wird ein Fachwerk-Rolldeck mit Schienen verwendet, die an der Decke des Raumes befestigt werden. Auf der so konstruierten Plattform bewegt sich ein Spannglied.<\/p>\n<p>Je nach Modell kann das Ger\u00e4t von der Fahrbahn aus per Kabel oder drahtlos bedient werden oder mit einer Fahrerkabine ausgestattet sein. Meistens haben gr\u00f6\u00dfere Einheiten eine Kabine, w\u00e4hrend kleinere Einheiten ferngesteuert werden k\u00f6nnen.<\/p>\n<p>Jede Person, die einen Antrag auf <a href=\"https:\/\/kursy-udt.pl\/de\/uprawnienia-udt\/kategorie-uprawnien-2\/\">Anrechte<\/a> auf Kr\u00e4nen arbeiten, sollten mit deren Konstruktion gr\u00fcndlich vertraut sein. Die Kenntnis der Konstruktion ist von grundlegender Bedeutung f\u00fcr den sicheren Betrieb der Ger\u00e4te, was sich in einem geringeren Risiko von Arbeitsunf\u00e4llen niederschl\u00e4gt. Die Informationen, die w\u00e4hrend der Ausbildung vermittelt werden, sind in diesem Fall von entscheidender Bedeutung. Als zuk\u00fcnftiger Bediener des Ger\u00e4ts ist es daher wichtig, die Funktionsweise und die einzelnen Komponenten genau zu kennen.<\/p>\n<div class=\"button_styl\" style=\"float: right; padding-left: 15px; padding-bottom: 8px; margin-bottom: 5px;\"><a class=\"myButton myButton_maly\" href=\"https:\/\/platformaedukacji.pl\/login\/signup.php\" target=\"_blank\" rel=\"nofollow noopener\"><span style=\"color: white;\">Anmeldung zur Schulung<\/span><\/a><\/div>\n<div style=\"padding-top: 70px;\">\n<h2>Weitere Informationen:<\/h2>\n<div style=\"text-align: center; font-size: 85%; line-height: 120%;\">\n<div style=\"float: left; margin-right: 40px; height: 290px;\">\n<p><a href=\"\/de\/ausbildung\/kranbahn\/bau-von-kranen\/\"><img decoding=\"async\" src=\"\/wp-content\/uploads\/2014\/08\/budowa.jpg\" alt=\"\" \/><\/a><\/p>\n<div style=\"width: 300px; font-size: 130%;\"><strong>Bau von Kr\u00e4nen<\/strong><\/div>\n<p>&nbsp;<\/p>\n<\/div>\n<div style=\"float: left; margin-right: 40px; height: 290px;\">\n<p><a href=\"\/de\/ausbildung\/kranbahn\/verbotene-aktivitaten\/\"><img decoding=\"async\" src=\"\/wp-content\/uploads\/2014\/08\/zabronione.jpg\" alt=\"\" \/><\/a><\/p>\n<div style=\"width: 300px; font-size: 130%;\"><strong>Verbotene Aktivit\u00e4ten<\/strong><\/div>\n<p>&nbsp;<\/p>\n<\/div>\n<\/div>\n<div style=\"clear: both;\"><\/div>\n<div style=\"text-align: center; font-size: 85%; line-height: 120%;\">\n<div style=\"float: left; margin-right: 40px; height: 290px;\">\n<p><a href=\"\/de\/ausbildung\/kranbahn\/vorbereitende-tatigkeiten\/\"><img decoding=\"async\" src=\"\/wp-content\/uploads\/2014\/08\/przygotowanie.jpg\" alt=\"\" \/><\/a><\/p>\n<div style=\"width: 300px; font-size: 130%;\"><strong>Vorbereitende T\u00e4tigkeiten<\/strong><\/div>\n<p>&nbsp;<\/p>\n<\/div>\n<div style=\"float: left; margin-right: 40px; height: 290px;\">\n<p><a href=\"\/de\/ausbildung\/kranbahn\/wenn-die-arbeiten-abgeschlossen-sind\/\"><img decoding=\"async\" src=\"\/wp-content\/uploads\/2014\/08\/po-pracy.jpg\" alt=\"\" \/><\/a><\/p>\n<div style=\"width: 300px; font-size: 130%;\"><strong>Nach der Arbeit<\/strong><\/div>\n<p>&nbsp;<\/p>\n<\/div>\n<\/div>\n<div style=\"text-align: center; font-size: 85%; line-height: 120%;\">\n<div style=\"float: left; margin-right: 40px; height: 290px;\">\n<p><a href=\"\/de\/ausbildung\/kranbahn\/\"><img decoding=\"async\" style=\"width: 300px; height: 225px;\" src=\"\/wp-content\/uploads\/2014\/04\/suwnice.jpeg\" alt=\"\" \/><\/a><\/p>\n<div style=\"width: 300px; font-size: 130%;\"><strong>Kranichkurs<\/strong><\/div>\n<p>&nbsp;<\/p>\n<\/div>\n<\/div>\n<\/div>","protected":false},"excerpt":{"rendered":"<p>Suwnice to inaczej d\u017awignice, kt\u00f3re s\u0105 przeznaczone do opuszczania i podnoszenia towar\u00f3w poprzez wci\u0105gark\u0119 b\u0105d\u017a wci\u0105gnik. Umieszczone na nich towary s\u0105 ograniczone pod wzgl\u0119dem swojego toru jazdy, a tak\u017ce wysoko\u015bci opuszczania i podnoszenia oraz szeroko\u015bci mostu urz\u0105dzenia. W\u015br\u00f3d element\u00f3w budowy wyr\u00f3\u017cnia si\u0119 te mechaniczne oraz elektryczne. Je\u017celi wybieraj\u0105 Pa\u0144stwo kurs na suwnice, w\u00f3wczas wszystkie precyzyjne informacje na temat konstrukcji urz\u0105dzenia podawane s\u0105 podczas zaj\u0119\u0107. Poni\u017cej przedstawiamy schematyczn\u0105 budow\u0119 suwnic. \u00a0Elementy mechaniczne: na torze jazdy \u2013 krzywki oraz odboje konstrukcja stalowa urz\u0105dzenia, czyli czo\u0142ownice \u2013 mechanizm jazdy, ko\u0142o p\u0119dne i jezdne, zderzaki, \u0142apy oporowe, wy\u0142\u0105czniki kra\u0144cowe, zabezpieczenia przeciwwiatrowe i szczotki miedziane most \u2013 najcz\u0119\u015bciej dwuteownik, kt\u00f3ry odpowiada za tor jazdy w\u00f3zka i zawiera odboje w\u00f3zek jazdy \u2013 zbudowany z silnika oraz przek\u0142adni z\u0119batej mechanizm podnoszenia \u2013 korpus, ci\u0119gno z liny stalowej, silnik nap\u0119dowy, przek\u0142adania z\u0119bata, b\u0119ben \u0142a\u0144cuchowy lub linowy rowkowany, pier\u015bcie\u0144 do prowadzenia liny, pr\u0119ty ze zderzakami oraz wy\u0142\u0105cznikiem kra\u0144cowym, zblocze hakowe oraz hak Elementy elektryczne: \u0142\u0105cznik suwnicy \u2013 odpowiada za wy\u0142\u0105czanie i w\u0142\u0105czanie zasilania z obwodem zasilania \u0142\u0105cznik zasilania \u2013 odpowiada za wy\u0142\u0105czanie i w\u0142\u0105czanie zasilania suwnicy, przewa\u017cnie jest instalowany na pode\u015bcie troleje \u2013 odbieraki pr\u0105du szafki sterowniczo-rozdzielcze szafki rozdzielcze instalacji na mo\u015bcie kaseta sterownicza wy\u0142\u0105czniki kra\u0144cowe Wszystkie elementy odpowiadaj\u0105 za trzy podstawowe ruchy: s\u0105 to ruchy pomostu, ruchy ci\u0119gnika oraz ruchy podnoszenia zawiesia, na kt\u00f3rym umieszcza si\u0119 \u0142adunek. W ten spos\u00f3b mo\u017cna \u0142atwiej realizowa\u0107 transport na terenie zak\u0142adu pracy, tak\u017ce wi\u0119kszych i ci\u0119\u017cszych \u0142adunk\u00f3w. Zale\u017cnie od rodzaju suwnicy wyr\u00f3\u017cnia si\u0119 tak\u017ce poszczeg\u00f3lne elementy konstrukcyjne. Budowa modelu bramowego: W przypadku bramownic stosuje si\u0119 pomost, kt\u00f3ry [&hellip;]<\/p>\n","protected":false},"author":1,"featured_media":4469,"parent":1322,"menu_order":3,"comment_status":"closed","ping_status":"closed","template":"","meta":{"sfsi_plus_gutenberg_text_before_share":"","sfsi_plus_gutenberg_show_text_before_share":"","sfsi_plus_gutenberg_icon_type":"","sfsi_plus_gutenberg_icon_alignemt":"","sfsi_plus_gutenburg_max_per_row":"","footnotes":""},"class_list":["post-1327","page","type-page","status-publish","has-post-thumbnail","hentry","has_thumb"],"aioseo_notices":[],"_links":{"self":[{"href":"https:\/\/kursy-udt.pl\/de\/wp-json\/wp\/v2\/pages\/1327","targetHints":{"allow":["GET"]}}],"collection":[{"href":"https:\/\/kursy-udt.pl\/de\/wp-json\/wp\/v2\/pages"}],"about":[{"href":"https:\/\/kursy-udt.pl\/de\/wp-json\/wp\/v2\/types\/page"}],"author":[{"embeddable":true,"href":"https:\/\/kursy-udt.pl\/de\/wp-json\/wp\/v2\/users\/1"}],"replies":[{"embeddable":true,"href":"https:\/\/kursy-udt.pl\/de\/wp-json\/wp\/v2\/comments?post=1327"}],"version-history":[{"count":18,"href":"https:\/\/kursy-udt.pl\/de\/wp-json\/wp\/v2\/pages\/1327\/revisions"}],"predecessor-version":[{"id":4471,"href":"https:\/\/kursy-udt.pl\/de\/wp-json\/wp\/v2\/pages\/1327\/revisions\/4471"}],"up":[{"embeddable":true,"href":"https:\/\/kursy-udt.pl\/de\/wp-json\/wp\/v2\/pages\/1322"}],"wp:featuredmedia":[{"embeddable":true,"href":"https:\/\/kursy-udt.pl\/de\/wp-json\/wp\/v2\/media\/4469"}],"wp:attachment":[{"href":"https:\/\/kursy-udt.pl\/de\/wp-json\/wp\/v2\/media?parent=1327"}],"curies":[{"name":"wp","href":"https:\/\/api.w.org\/{rel}","templated":true}]}}