{"id":1322,"date":"2014-08-12T21:56:53","date_gmt":"2014-08-12T21:56:53","guid":{"rendered":"http:\/\/kursy-udt.pl\/?page_id=1322"},"modified":"2023-03-21T13:21:21","modified_gmt":"2023-03-21T12:21:21","slug":"kranbahn","status":"publish","type":"page","link":"https:\/\/kursy-udt.pl\/de\/szkolenia\/kurs-na-suwnice\/","title":{"rendered":"Kranichkurs"},"content":{"rendered":"<p><img loading=\"lazy\" decoding=\"async\" class=\"paddingleft10 alignleft wp-image-3578 size-medium\" src=\"https:\/\/kursy-udt.pl\/wp-content\/uploads\/2021\/11\/suwnce_1-300x200.jpg\" alt=\"\" width=\"300\" height=\"200\" srcset=\"https:\/\/kursy-udt.pl\/wp-content\/uploads\/2021\/11\/suwnce_1-300x200.jpg 300w, https:\/\/kursy-udt.pl\/wp-content\/uploads\/2021\/11\/suwnce_1-624x416.jpg 624w, https:\/\/kursy-udt.pl\/wp-content\/uploads\/2021\/11\/suwnce_1.jpg 764w\" sizes=\"auto, (max-width: 300px) 100vw, 300px\" \/>Sie sind herzlich eingeladen, an einem Kranlehrgang im ERGON Personalentwicklungszentrum teilzunehmen. Als Zentrum mit langj\u00e4hriger Erfahrung bieten wir jedem unserer Kunden professionelle Unterst\u00fctzung - unsere Kurse richten sich sowohl an einzelne Teilnehmer als auch an Gruppen von Arbeitnehmern, die von einem Arbeitgeber \u00fcberwiesen werden. Wir stellen sicher, dass die Qualit\u00e4t der Ausbildung bei ERGON immer auf h\u00f6chstem Niveau ist. Wenn Sie also Kr\u00e4ne bedienen wollen, ist ein Kurs in unserem Zentrum eine sehr gute Investition in die Zukunft, und dank dieses Kurses wird es viel einfacher sein, einen Arbeitsplatz als Kranf\u00fchrer zu finden, sowohl in Polen als auch in Europa.<\/p>\n<div class=\"wyjustuj\">\n<h2>Arten von Ger\u00e4ten und ihre Verwendung<\/h2>\n<p>Br\u00fcckenkr\u00e4ne sind Ger\u00e4te, die zu den Kr\u00e4nen geh\u00f6ren und an vielen Arbeitspl\u00e4tzen zum Einsatz kommen, z. B. im Schiffbau, in Lagerhallen, Lagerh\u00e4usern sowie in Produktions- und Industriehallen. Dank der verschiedenen Konstruktionsvarianten k\u00f6nnen Krane individuell an die jeweiligen Aufgaben angepasst werden. Sie d\u00fcrfen jedoch nicht ohne die entsprechenden Zulassungen des T\u00dcV betrieben werden.<\/p>\n<h2>Varianten von Kr\u00e4nen an Arbeitspl\u00e4tzen<\/h2>\n<p>Drei Arten von Kr\u00e4nen werden am h\u00e4ufigsten an Arbeitspl\u00e4tzen eingesetzt:<\/p>\n<ul>\n<li><strong>Nator oder Br\u00fccke<\/strong> - haupts\u00e4chlich in Hallen installiert und mit Lastaufnahmestangen ausgestattet, die sich auf Plattformen bewegen. Die Plattform- oder \u00dcberkopfmodelle werden unter den Hallendecken installiert.<\/li>\n<li><strong>Aufgeh\u00e4ngt<\/strong> - Konstruktion \u00e4hnlich wie bei Nator, jedoch mit Laufschienen, die von der Deckenstruktur abgeh\u00e4ngt sind.<\/li>\n<li><strong>Gateway<\/strong> - haupts\u00e4chlich f\u00fcr Au\u00dfenarbeiten verwendet, die auf Pfeilern an den seitlichen Br\u00fccken zwischen den Toren errichtet wurden.<\/li>\n<\/ul>\n<div class=\"filmw\">\n<div class=\"responsive-youtube\" style=\"text-align: center;\"><iframe loading=\"lazy\" title=\"YouTube-Video-Player\" src=\"https:\/\/www.youtube.com\/embed\/0BIkkFvLgew\" width=\"560\" height=\"315\" frameborder=\"0\" allowfullscreen=\"allowfullscreen\"><\/iframe><\/div>\n<\/div>\n<p>In unserem Zentrum bieten wir Schulungen f\u00fcr Br\u00fcckenkr\u00e4ne an, um den Umgang mit allen Arten von Ger\u00e4ten zu erm\u00f6glichen. In den Kursen erhalten die Teilnehmer einen Querschnitt an Wissen \u00fcber bestimmte Ger\u00e4tetypen. Im Folgenden finden Sie die Arten von Schulungen, die wir anbieten. Wir m\u00f6chten Sie darauf hinweisen, dass die Voraussetzungen f\u00fcr die Teilnahme an dem Kurs unterschiedlich sind.<\/p>\n<h2 class=\"naglowekh2\">Br\u00fcckenkrangenehmigungen werden in zwei Kategorien unterteilt:<\/h2>\n<ul>\n<li>I S - umfasst Laufkrane, Hebezeuge und Winden der Kategorie I W, die von der Arbeitsebene oder von der Fahrerkabine aus gesteuert werden, Ger\u00e4te der Kategorie II S<\/li>\n<li>II S - umfasst niveaugesteuerte Ger\u00e4te, Winden und Hebezeuge der Kategorie II W und station\u00e4re Werkstattkrane<\/li>\n<\/ul>\n<h2 class=\"naglowekh2\">Angebot<\/h2>\n<p>Wenn es um den Krankurs geht, ist der Preis in unserem Zentrum immer ermutigend. Wir legen sie individuell fest, je nach der Anzahl der Teilnehmer der Klassen und sind offen f\u00fcr Verhandlungen. Als Standard laden wir Sie in unseren Hauptsitz in Warschau und in unsere Zweigstellen im ganzen Land - in Kattowitz, Krakau und Bielsko-Bia\u0142a - ein. Wir k\u00f6nnen auch zu Ihnen nach ganz Polen reisen. Wir sind auch in der Lage, Krankurse mit einem speziell auf die Bed\u00fcrfnisse der Teilnehmer und des Kunden zugeschnittenen Programm zu organisieren.<\/p>\n<div style=\"float: right; padding-left: 10px;\"><img decoding=\"async\" src=\"\/wp-content\/uploads\/2014\/09\/suwnice.jpeg\" alt=\"Ausbildung f\u00fcr UDT-Lizenzen\" \/><\/div>\n<h2 class=\"naglowekh2\">Themen der Ausbildung<\/h2>\n<p>Jede Kranbahn in <a href=\"https:\/\/kursy-udt.pl\/de\/o-firmie\/\">ERGON Zentrum f\u00fcr Personalentwicklung<\/a> wird inhaltlich von professionellen Ausbildern und in Absprache mit Fachleuten des Technischen \u00dcberwachungsvereins vorbereitet. Wir legen Wert auf die Qualit\u00e4t der Ausbildung, daher sind unsere Kurse immer umfassend und f\u00fcr die Teilnehmer zug\u00e4nglich und haben daher eine optimale Wirkung, nicht nur im Hinblick auf das Bestehen der Pr\u00fcfung f\u00fcr den <a href=\"https:\/\/kursy-udt.pl\/de\/uprawnienia-udt\/kategorie-uprawnien-2\/\">Anrechte<\/a> f\u00fcr Br\u00fcckenkr\u00e4ne, sondern auch in der t\u00e4glichen Arbeit eines jeden Bedieners dieser Art von Ger\u00e4ten.<\/p>\n<p><strong>Nachstehend finden Sie die allgemeinen Themen der von uns angebotenen Schulungen:<\/strong><\/p>\n<ul>\n<li>Informationen \u00fcber die technische \u00dcberwachung f\u00fcr eine bestimmte Kategorie I S oder II S<\/li>\n<li>Informationen \u00fcber bestimmte Ger\u00e4te, ihre Konstruktion und ihren Betrieb am Arbeitsplatz<\/li>\n<li>Pflichten des Betreibers vor der Ausf\u00fchrung der Aufgabe<\/li>\n<li>Pflichten des Bedieners w\u00e4hrend des Betriebs<\/li>\n<li>Verantwortlichkeiten des Betreibers bei Beendigung des Einsatzes<\/li>\n<li>Gesundheits- und Sicherheitsvorschriften am Arbeitsplatz<\/li>\n<li>Praktischer Unterricht - \u00dcbungen an Ger\u00e4ten entsprechend der gew\u00e4hlten Kategorie I S oder II S<\/li>\n<\/ul>\n<p>Der bei ODK ERGON angebotene Krankurs ist ein Kurs, der die Teilnehmer ganzheitlich auf die Pr\u00fcfung vor dem Ausschuss des Technischen \u00dcberwachungsvereins vorbereitet, um als Kranf\u00fchrer zertifiziert zu werden. Wenn Sie sich f\u00fcr unser Angebot entscheiden, k\u00f6nnen Sie sicher sein, dass die in den Kursen vermittelten Informationen f\u00fcr die Pr\u00fcfung n\u00fctzlich sind und Ihnen zu einer guten Note verhelfen werden. Wir haben eine der h\u00f6chsten Bestehensquoten, so dass Sie die Kranpr\u00fcfung bei uns ohne gro\u00dfe Probleme ablegen k\u00f6nnen und gleich beim ersten Mal das richtige Zertifikat erhalten.<\/p>\n<div style=\"width: 640px;\" class=\"wp-video\"><video id=\"video-1322-1\" width=\"640\" height=\"360\" poster=\"https:\/\/kursy-udt.pl\/wp-content\/uploads\/2023\/02\/20230127_111528_0000.jpg\" preload=\"metadata\" controls=\"controls\"><source type=\"video\/mp4\" src=\"https:\/\/kursy-udt.pl\/wp-content\/uploads\/2023\/02\/ACCEPTED-suwnice-4K-kursy-udt.mp4?_=1\" \/><a href=\"https:\/\/kursy-udt.pl\/wp-content\/uploads\/2023\/02\/ACCEPTED-suwnice-4K-kursy-udt.mp4\">https:\/\/kursy-udt.pl\/wp-content\/uploads\/2023\/02\/ACCEPTED-suwnice-4K-kursy-udt.mp4<\/a><\/video><\/div>\n<h2 class=\"naglowekh2\">Br\u00fcckenkrankurs - Preis<\/h2>\n<p>Der Preis der Kurse h\u00e4ngt von der Anzahl der Teilnehmer ab. Sie wird individuell mit dem Kunden vereinbart. F\u00fcr gr\u00f6\u00dfere Gruppen bieten wir attraktive Rabatte. Bitte kontaktieren Sie uns f\u00fcr ein genaues Angebot.<\/p>\n<p><strong>Um an dem Kurs teilnehmen zu k\u00f6nnen, m\u00fcssen die folgenden Voraussetzungen erf\u00fcllt sein:<\/strong><\/p>\n<ul>\n<li>mindestens 18 Jahre alt sein<\/li>\n<li>Vorlage einer Bescheinigung eines Facharztes f\u00fcr Arbeitsmedizin, aus der hervorgeht, dass die Person in der Lage ist, als Bediener zu arbeiten<\/li>\n<li>Abgeschlossene Grundausbildung f\u00fcr den Br\u00fcckenkranf\u00fchrerschein II S und abgeschlossene Berufsschule in technischer Richtung f\u00fcr I S<\/li>\n<\/ul>\n<h2 class=\"naglowekh2\">Rechtsgrundlage f\u00fcr die Ausbildung<\/h2>\n<p>Verordnung des Wirtschaftsministers vom 18. 07. 2001 \u00fcber die erforderlichen Qualifikationen f\u00fcr den Betrieb und die Wartung von technischen Anlagen (Dz. U. Nr. 79, Pos. 849).<\/p>\n<p>Wenn Sie sich f\u00fcr unser Angebot entscheiden, k\u00f6nnen Sie die entsprechenden Krangenehmigungen f\u00fcr verschiedene Arten von Ger\u00e4ten erhalten. Unsere langj\u00e4hrige Erfahrung und umfassenden Schulungsl\u00f6sungen, kompetente Mitarbeiter und kontinuierliche Verbesserungen machen uns zu einem Zentrum, das bei Auszubildenden in ganz Polen sehr beliebt ist. Wenn Sie Fragen zu unserem Angebot haben, <a href=\"https:\/\/kursy-udt.pl\/de\/kontakt\/\">wir sind immer erreichbar<\/a> - setzen Sie sich bitte mit uns in Verbindung, um die Einzelheiten der Leistungserbringung zu besprechen, einschlie\u00dflich der Einholung eines Kostenvoranschlags und der Buchung eines geeigneten Termins.<\/p>\n<p>Sie sind herzlich eingeladen, an Kranschulungen im ERGON Personalentwicklungszentrum teilzunehmen!<\/p>\n<\/div>\n<div class=\"button_styl\" style=\"float: right; padding-left: 15px; padding-bottom: 8px; margin-bottom: 5px;\"><a class=\"myButton myButton_maly\" href=\"https:\/\/platformaedukacji.pl\/login\/signup.php\" target=\"_blank\" rel=\"nofollow noopener noreferrer\"><span style=\"color: white;\">Anmeldung zur Schulung<\/span><\/a><\/div>\n<div style=\"padding-top: 70px;\">\n<h2>Weitere Informationen:<\/h2>\n<div style=\"text-align: center; font-size: 85%; line-height: 120%;\">\n<div style=\"float: left; margin-right: 40px; height: 290px;\">\n<p><a href=\"\/de\/ausbildung\/kranbahn\/bau-von-kranen\/\"><img decoding=\"async\" src=\"\/wp-content\/uploads\/2014\/08\/budowa.jpg\" alt=\"\" \/><\/a><\/p>\n<div style=\"width: 300px; font-size: 130%;\"><strong>Bau von Kr\u00e4nen<\/strong><\/div>\n<\/div>\n<div style=\"float: left; margin-right: 40px; height: 290px;\">\n<p><a href=\"\/de\/ausbildung\/kranbahn\/verbotene-aktivitaten\/\"><img decoding=\"async\" src=\"\/wp-content\/uploads\/2014\/08\/zabronione.jpg\" alt=\"\" \/><\/a><\/p>\n<div style=\"width: 300px; font-size: 130%;\"><strong>Verbotene Aktivit\u00e4ten<\/strong><\/div>\n<\/div>\n<\/div>\n<div style=\"clear: both;\"><\/div>\n<div style=\"text-align: center; font-size: 85%; line-height: 120%;\">\n<div style=\"float: left; margin-right: 40px; height: 290px;\">\n<p><a href=\"\/de\/ausbildung\/kranbahn\/vorbereitende-tatigkeiten\/\"><img decoding=\"async\" src=\"\/wp-content\/uploads\/2014\/08\/przygotowanie.jpg\" alt=\"\" \/><\/a><\/p>\n<div style=\"width: 300px; font-size: 130%;\"><strong>Vorbereitende T\u00e4tigkeiten<\/strong><\/div>\n<\/div>\n<div style=\"float: left; margin-right: 40px; height: 290px;\">\n<p><a href=\"\/de\/ausbildung\/kranbahn\/wenn-die-arbeiten-abgeschlossen-sind\/\"><img decoding=\"async\" src=\"\/wp-content\/uploads\/2014\/08\/po-pracy.jpg\" alt=\"\" \/><\/a><\/p>\n<div style=\"width: 300px; font-size: 130%;\"><strong>Nach der Arbeit<\/strong><\/div>\n<\/div>\n<\/div>\n<div style=\"text-align: center; font-size: 85%; line-height: 120%;\">\n<div style=\"float: left; margin-right: 40px; height: 290px;\">\n<p><a href=\"\/de\/ausbildung\/kranbahn\/\"><img decoding=\"async\" style=\"width: 300px; height: 225px;\" src=\"\/wp-content\/uploads\/2014\/04\/suwnice.jpeg\" alt=\"\" \/><\/a><\/p>\n<div style=\"width: 300px; font-size: 130%;\"><strong>Kranichkurs<\/strong><\/div>\n<\/div>\n<div><\/div>\n<\/div>\n<\/div>\n<p><a href=\"\/de\/ausbildung\/kranbahn\/bau-von-kranen\/\"><br \/>\n<\/a><a href=\"https:\/\/kursy-udt.pl\/wp-content\/uploads\/2022\/12\/Kopia-kursy-udt-obsluga-suwnicy-\u2014-kopia.png\"><img loading=\"lazy\" decoding=\"async\" class=\"aligncenter wp-image-4537\" src=\"https:\/\/kursy-udt.pl\/wp-content\/uploads\/2022\/12\/Kopia-kursy-udt-obsluga-suwnicy-\u2014-kopia-300x188.png\" alt=\"\" width=\"750\" height=\"469\" srcset=\"https:\/\/kursy-udt.pl\/wp-content\/uploads\/2022\/12\/Kopia-kursy-udt-obsluga-suwnicy-\u2014-kopia-300x188.png 300w, https:\/\/kursy-udt.pl\/wp-content\/uploads\/2022\/12\/Kopia-kursy-udt-obsluga-suwnicy-\u2014-kopia-1024x640.png 1024w, https:\/\/kursy-udt.pl\/wp-content\/uploads\/2022\/12\/Kopia-kursy-udt-obsluga-suwnicy-\u2014-kopia-768x480.png 768w, https:\/\/kursy-udt.pl\/wp-content\/uploads\/2022\/12\/Kopia-kursy-udt-obsluga-suwnicy-\u2014-kopia-18x12.png 18w, https:\/\/kursy-udt.pl\/wp-content\/uploads\/2022\/12\/Kopia-kursy-udt-obsluga-suwnicy-\u2014-kopia-624x390.png 624w, https:\/\/kursy-udt.pl\/wp-content\/uploads\/2022\/12\/Kopia-kursy-udt-obsluga-suwnicy-\u2014-kopia.png 1200w\" sizes=\"auto, (max-width: 750px) 100vw, 750px\" \/><\/a><a href=\"\/de\/ausbildung\/kranbahn\/bau-von-kranen\/\"><br \/>\n<\/a><\/p>","protected":false},"excerpt":{"rendered":"<p>Zapraszamy Pa\u0144stwa serdecznie na kurs na suwnice do O\u015brodka Doskonalenia Kadr ERGON. Jako O\u015brodek z wieloletnim do\u015bwiadczeniem zapewniamy profesjonalne wsparcie ka\u017cdemu z naszych klient\u00f3w \u2013 nasze zaj\u0119cia przeznaczone s\u0105 zar\u00f3wno dla uczestnik\u00f3w indywidualnych, jak i dla grup pracownik\u00f3w skierowanych przez pracodawc\u0119. Dbamy o to, aby jako\u015b\u0107 kszta\u0142cenia w ERGON zawsze by\u0142a na najwy\u017cszym poziomie. Dlatego je\u017celi chc\u0105 Pa\u0144stwo obs\u0142ugiwa\u0107 suwnice kurs w naszym O\u015brodku b\u0119dzie bardzo dobr\u0105 inwestycj\u0105 w przysz\u0142o\u015b\u0107, a dzi\u0119ki niemu znalezienie pracy na stanowisku operatora b\u0119dzie znacznie prostsze zar\u00f3wno w Polsce, jak i na terenie Europy. Rodzaje urz\u0105dze\u0144 i ich zastosowanie Suwnice to urz\u0105dzenia, kt\u00f3re nale\u017c\u0105 do d\u017awignic i s\u0105 stosowane w wielu zak\u0142adach pracy, m.in. w przemy\u015ble stoczniowym, w magazynach, sk\u0142adowiskach, a tak\u017ce w halach produkcyjnych i przemys\u0142owych. Dzi\u0119ki r\u00f3\u017cnym wariantom konstrukcyjnym, suwnice mog\u0105 by\u0107 indywidualnie dopasowane do okre\u015blonych prac. Jednak bez odpowiednich uprawnie\u0144, nadanych przez Urz\u0105d Dozoru Technicznego, nie mo\u017cna nimi operowa\u0107. Warianty suwnic w zak\u0142adach pracy W zak\u0142adach pracy najcz\u0119\u015bciej wykorzystywane s\u0105 trzy rodzaje suwnic: Natorowe lub pomostowe &#8211; instalowane g\u0142\u00f3wnie w halach i wyposa\u017cone w ci\u0119gniki do podwieszania \u0142adunk\u00f3w, kt\u00f3re poruszaj\u0105 si\u0119 po pomostach. Modele pomostowe lub natorowe s\u0105 montowane pod sufitami hal. Podwieszone &#8211; konstrukcja podobna do natorowych, ale wykorzystuj\u0105 tory jezdne podwieszane pod konstrukcj\u0105 sufitu. Bramowe &#8211; wykorzystywane g\u0142\u00f3wnie w pracach zewn\u0119trznych, skonstruowane z pomost\u00f3w umieszczonych na bocznych mostach \u0142\u0105cz\u0105cych bramy. W naszym O\u015brodku prowadzimy szkolenia suwnice pozwalaj\u0105ce na obs\u0142ugiwanie urz\u0105dze\u0144 wszystkich typ\u00f3w. Podczas zaj\u0119\u0107 uczestnicy otrzymuj\u0105 przekrojow\u0105 wiedz\u0119 dotycz\u0105c\u0105 konkretnych rodzaj\u00f3w urz\u0105dze\u0144. Poni\u017cej przedstawiamy rodzaje szkole\u0144, jakie oferujemy. Przypominamy, \u017ce r\u00f3\u017cni\u0105 si\u0119 one wymaganiami do [&hellip;]<\/p>\n","protected":false},"author":1,"featured_media":3578,"parent":65,"menu_order":4,"comment_status":"closed","ping_status":"closed","template":"","meta":{"sfsi_plus_gutenberg_text_before_share":"","sfsi_plus_gutenberg_show_text_before_share":"","sfsi_plus_gutenberg_icon_type":"","sfsi_plus_gutenberg_icon_alignemt":"","sfsi_plus_gutenburg_max_per_row":"","footnotes":""},"class_list":["post-1322","page","type-page","status-publish","has-post-thumbnail","hentry","has_thumb"],"aioseo_notices":[],"_links":{"self":[{"href":"https:\/\/kursy-udt.pl\/de\/wp-json\/wp\/v2\/pages\/1322","targetHints":{"allow":["GET"]}}],"collection":[{"href":"https:\/\/kursy-udt.pl\/de\/wp-json\/wp\/v2\/pages"}],"about":[{"href":"https:\/\/kursy-udt.pl\/de\/wp-json\/wp\/v2\/types\/page"}],"author":[{"embeddable":true,"href":"https:\/\/kursy-udt.pl\/de\/wp-json\/wp\/v2\/users\/1"}],"replies":[{"embeddable":true,"href":"https:\/\/kursy-udt.pl\/de\/wp-json\/wp\/v2\/comments?post=1322"}],"version-history":[{"count":24,"href":"https:\/\/kursy-udt.pl\/de\/wp-json\/wp\/v2\/pages\/1322\/revisions"}],"predecessor-version":[{"id":5620,"href":"https:\/\/kursy-udt.pl\/de\/wp-json\/wp\/v2\/pages\/1322\/revisions\/5620"}],"up":[{"embeddable":true,"href":"https:\/\/kursy-udt.pl\/de\/wp-json\/wp\/v2\/pages\/65"}],"wp:featuredmedia":[{"embeddable":true,"href":"https:\/\/kursy-udt.pl\/de\/wp-json\/wp\/v2\/media\/3578"}],"wp:attachment":[{"href":"https:\/\/kursy-udt.pl\/de\/wp-json\/wp\/v2\/media?parent=1322"}],"curies":[{"name":"wp","href":"https:\/\/api.w.org\/{rel}","templated":true}]}}