{"id":1291,"date":"2014-08-12T20:51:07","date_gmt":"2014-08-12T20:51:07","guid":{"rendered":"http:\/\/kursy-udt.pl\/?page_id=1291"},"modified":"2022-10-14T12:24:58","modified_gmt":"2022-10-14T12:24:58","slug":"arbeiten-in-der-nahe-von-hochspannungsleitungen-2","status":"publish","type":"page","link":"https:\/\/kursy-udt.pl\/de\/szkolenia\/podesty-ruchome\/praca-w-poblizu-linii-energetycznych\/","title":{"rendered":"Arbeiten in der N\u00e4he von Stromleitungen"},"content":{"rendered":"<div style=\"float: left; padding-right: 10px;\"><img decoding=\"async\" src=\"\/wp-content\/uploads\/2014\/08\/linie-energetyczne_m.jpg\" alt=\"\" \/><\/div>\n<h2 class=\"naglowekh2\">Sicherheit beim Einsatz von fahrbaren Arbeitsb\u00fchnen in der N\u00e4he von Stromleitungen<\/h2>\n<p>Moderne Arbeitsb\u00fchnen, einschlie\u00dflich Hubarbeitsb\u00fchnen, sind die optimale Wahl f\u00fcr Arbeiten in der H\u00f6he. Wenn diese Arbeiten in der N\u00e4he von Stromleitungen stattfinden sollen, ist besondere Vorsicht geboten. Stromschl\u00e4ge waren 2012 die h\u00e4ufigste Todesursache bei Hubarbeitsb\u00fchnenfahrern in den Vereinigten Staaten. In unserem Hubarbeitsb\u00fchnenkurs erfahren Sie genau, wie Sie sicher arbeiten k\u00f6nnen, wenn die Gefahr eines Stromschlags besteht.<\/p>\n<h3 class=\"naglowekh2\"><strong>Zu den h\u00e4ufigsten Ursachen f\u00fcr L\u00e4hmungen geh\u00f6ren:<\/strong><\/h3>\n<ul>\n<li>Bediener oder B\u00fchnenelemente, die sich gef\u00e4hrlich n\u00e4hern oder Dr\u00e4hte ber\u00fchren<\/li>\n<li>mangelndes Bewusstsein f\u00fcr die N\u00e4he von Freileitungen<\/li>\n<li>mangelndes Bewusstsein f\u00fcr die Spannung, die durch die Dr\u00e4hte flie\u00dft<\/li>\n<li>unsachgem\u00e4\u00dfe Handhabung des Aufzugs, wenn er sich in der N\u00e4he von Kabeln befindet<\/li>\n<\/ul>\n<p>Stromschl\u00e4ge k\u00f6nnen durch geeignete Planungsma\u00dfnahmen zur Risikominderung und durch das Management von Arbeiten in der H\u00f6he minimiert werden. Au\u00dferdem ist es wichtig, dass der Bediener ordnungsgem\u00e4\u00df geschult ist und \u00fcber <a href=\"https:\/\/kursy-udt.pl\/de\/uprawnienia-udt\/kategorie-uprawnien-2\/\">Anrechte<\/a> von der UDT vergeben.<\/p>\n<h3 class=\"naglowekh2\"><strong>Wichtige Sicherheitsregeln f\u00fcr die Arbeit in der N\u00e4he von Hochspannungsleitungen:<\/strong><\/h3>\n<ul>\n<li><a href=\"https:\/\/kursy-udt.pl\/wp-content\/uploads\/2022\/10\/2-2.jpeg\"><img loading=\"lazy\" decoding=\"async\" class=\"size-medium wp-image-4485\" src=\"https:\/\/kursy-udt.pl\/wp-content\/uploads\/2022\/10\/2-2-300x197.jpeg\" alt=\"\" width=\"300\" height=\"197\" srcset=\"https:\/\/kursy-udt.pl\/wp-content\/uploads\/2022\/10\/2-2-300x197.jpeg 300w, https:\/\/kursy-udt.pl\/wp-content\/uploads\/2022\/10\/2-2-1024x671.jpeg 1024w, https:\/\/kursy-udt.pl\/wp-content\/uploads\/2022\/10\/2-2-768x503.jpeg 768w, https:\/\/kursy-udt.pl\/wp-content\/uploads\/2022\/10\/2-2-1536x1006.jpeg 1536w, https:\/\/kursy-udt.pl\/wp-content\/uploads\/2022\/10\/2-2-18x12.jpeg 18w, https:\/\/kursy-udt.pl\/wp-content\/uploads\/2022\/10\/2-2-624x409.jpeg 624w, https:\/\/kursy-udt.pl\/wp-content\/uploads\/2022\/10\/2-2.jpeg 1600w\" sizes=\"auto, (max-width: 300px) 100vw, 300px\" \/><\/a>\n<p>Wenn m\u00f6glich, sollten Freileitungen vor der Durchf\u00fchrung der Arbeiten abgeschaltet werden.<\/li>\n<li>Wenn dies nicht m\u00f6glich ist, muss dem Bediener der Arbeitsb\u00fchne ein angemessener Schutz durch Schutzvorrichtungen mit speziellen Werkzeugen geboten werden.<\/li>\n<li>Werkzeuge k\u00f6nnen verwendet werden, um den Abstand zu Dr\u00e4hten zu bestimmen, die einen Alarm ausl\u00f6sen, wenn sie zu nahe kommen<\/li>\n<li>Es wird empfohlen, bei voll ausgefahrenem Ausleger in der N\u00e4he von Strommasten einen maximalen Abstand von 15 Metern und in der N\u00e4he von h\u00f6lzernen Strommasten einen maximalen Abstand von 9 Metern einzuhalten.<\/li>\n<li>Bei der Arbeit ist es ratsam, den maximalen Abstand f\u00fcr die Ausbreitung des Auslegers auf dem Boden zu markieren.<\/li>\n<li>Gew\u00e4hrleistung einer angemessenen Kontrolle der Baustelle durch zus\u00e4tzliches Personal<\/li>\n<li>Es m\u00fcssen geeignete Pl\u00e4ne f\u00fcr Notfallsituationen vorhanden sein, und das gesamte Personal muss \u00fcber die Verfahren informiert sein.<\/li>\n<\/ul>\n<p>Eine ordnungsgem\u00e4\u00dfe Ausbildung und die Einhaltung von Sicherheitsverfahren bei Arbeiten in der N\u00e4he von Stromleitungen mit Aufz\u00fcgen verschiedener Art sind von gr\u00f6\u00dfter Bedeutung. Hochspannungsleitungen stellen eine gro\u00dfe Gefahr dar, und Unf\u00e4lle mit ihnen geh\u00f6ren zu den h\u00e4ufigsten und gef\u00e4hrlichsten, denn viele enden t\u00f6dlich. In jeder Schulung, die sich mit Arbeitsb\u00fchnen befasst, ist das Thema Gesundheit und Sicherheit von entscheidender Bedeutung, um ohne Risiko in der H\u00f6he arbeiten zu k\u00f6nnen.<\/p>\n<p>Wenn ein Kurs ben\u00f6tigt wird f\u00fcr <a href=\"https:\/\/kursy-udt.pl\/de\/szkolenia\/udt-wdt-tdt\/zwyzki-podnosniki-koszowe\/\">Hebeb\u00fchne<\/a> Warschau oder ganz Polen - <a href=\"https:\/\/kursy-udt.pl\/de\/kontakt\/\">Wir laden Sie ein, das Angebot von ERGON zu nutzen!<\/a><\/p>\n<div class=\"button_styl\" style=\"float: right; padding-left: 15px; padding-bottom: 8px; margin-bottom: 5px;\"><a class=\"myButton myButton_maly\" href=\"https:\/\/platformaedukacji.pl\/login\/signup.php\" target=\"_blank\" rel=\"nofollow noopener\"><span style=\"color: white;\">Anmeldung zur Schulung<\/span><\/a><\/div>\n<div style=\"padding-top: 70px;\">\n<h2>Weitere Informationen:<\/h2>\n<div style=\"text-align: center; font-size: 85%; line-height: 120%;\">\n<div style=\"float: left; margin-right: 40px; height: 290px;\">\n<p><a href=\"\/de\/ausbildung\/mobile-plattformen\/gebote-und-verbote-2\/\"><img decoding=\"async\" src=\"\/wp-content\/uploads\/2014\/08\/nakazy-zakazy.jpg\" alt=\"\" \/><\/a><\/p>\n<div style=\"width: 300px; font-size: 130%;\"><strong>Gebote und Verbote<\/strong><\/div>\n<p>&nbsp;<\/p>\n<\/div>\n<div style=\"float: left; margin-right: 40px; height: 290px;\">\n<p><a href=\"\/de\/ausbildung\/mobile-plattformen\/arbeiten-in-der-nahe-von-hochspannungsleitungen-2\/\"><img decoding=\"async\" src=\"\/wp-content\/uploads\/2014\/08\/linie-energetyczne.jpg\" alt=\"\" \/><\/a><\/p>\n<div style=\"width: 300px; font-size: 130%;\"><strong>Arbeiten in der N\u00e4he von Stromleitungen <\/strong><\/div>\n<p>&nbsp;<\/p>\n<\/div>\n<\/div>\n<div style=\"clear: both;\"><\/div>\n<div style=\"text-align: center; font-size: 85%; line-height: 120%;\">\n<div style=\"float: left; margin-right: 40px; height: 290px;\">\n<p><a href=\"\/de\/ausbildung\/mobile-plattformen\/sicherheitsverfahren\/\"><img decoding=\"async\" src=\"\/wp-content\/uploads\/2014\/08\/bezpieczenstwo.jpg\" alt=\"\" \/><\/a><\/p>\n<div style=\"width: 300px; font-size: 130%;\"><strong>Sicherheit<\/strong><\/div>\n<p>&nbsp;<\/p>\n<\/div>\n<div style=\"float: left; margin-right: 40px; height: 290px;\">\n<p><a href=\"\/de\/ausbildung\/mobile-plattformen\/oberflachenvorbereitung\/\"><img decoding=\"async\" src=\"\/wp-content\/uploads\/2014\/08\/wypadek.jpg\" alt=\"\" \/><\/a><\/p>\n<div style=\"width: 300px; font-size: 130%;\"><strong>Vorbereitung der Oberfl\u00e4che<\/strong><\/div>\n<p>&nbsp;<\/p>\n<\/div>\n<\/div>\n<div style=\"clear: both;\"><\/div>\n<div style=\"text-align: center; font-size: 85%; line-height: 120%;\">\n<div style=\"float: left; margin-right: 40px; height: 290px;\">\n<p><a href=\"\/de\/ausbildung\/mobile-plattformen\/sicherheit-bei-der-baumpflege\/\"><img decoding=\"async\" src=\"\/wp-content\/uploads\/2016\/09\/drzewa.png\" alt=\"\" \/><\/a><\/p>\n<div style=\"width: 300px; font-size: 130%;\"><strong>Sicherheit bei der Baumpflege<\/strong><\/div>\n<p>&nbsp;<\/p>\n<\/div>\n<div style=\"float: left; margin-right: 40px; height: 290px;\">\n<p><a href=\"\/de\/ausbildung\/mobile-plattformen\/\"><img decoding=\"async\" style=\"width: 300px; height: 225px;\" src=\"\/wp-content\/uploads\/2014\/04\/10-pokaz.jpeg\" alt=\"\" \/><\/a><\/p>\n<div style=\"width: 300px; font-size: 130%;\"><strong><a href=\"https:\/\/kursy-udt.pl\/de\/szkolenia\/podesty-ruchome\/\">Ausbildung f\u00fcr mobile Plattformen<\/a><\/strong><\/div>\n<p>&nbsp;<\/p>\n<\/div>\n<\/div>\n<\/div>","protected":false},"excerpt":{"rendered":"<p>Bezpiecze\u0144stwo u\u017cycia podest\u00f3w ruchomych w pobli\u017cu linii energetycznych Nowoczesne pomosty robocze, w tym podno\u015bniki koszowe, s\u0105 optymalnym wyborem przy pracach na wysoko\u015bci. Wtedy, gdy prace te odbywa\u0107 maj\u0105 si\u0119 w pobli\u017cu linii energetycznych, konieczne jest zachowanie szczeg\u00f3lnej ostro\u017cno\u015bci. Pora\u017cenia pr\u0105dem by\u0142y najcz\u0119stsz\u0105 przyczyn\u0105 zgon\u00f3w w\u015br\u00f3d operator\u00f3w podno\u015bnik\u00f3w w Stanach Zjednoczonych w 2012 roku. Nasz kurs podno\u015bniki koszowe obejmuje dok\u0142adne informacje, jak pracowa\u0107 bezpiecznie w miejscu zagro\u017cenia pora\u017ceniem energi\u0105 elektryczn\u0105. W\u015br\u00f3d najcz\u0119stszych przyczyn wyst\u0119powania pora\u017cenia znajduj\u0105 si\u0119: operator lub elementy podestu zbli\u017caj\u0105ce si\u0119 niebezpiecznie lub dotykaj\u0105ce przewod\u00f3w brak \u015bwiadomo\u015bci blisko\u015bci napowietrznych linii energetycznych brak \u015bwiadomo\u015bci napi\u0119cia przebiegaj\u0105cego przez przewody nieodpowiednie operowanie podno\u015bnikiem wtedy, gdy znajduje si\u0119 on w pobli\u017cu przewod\u00f3w Pora\u017cenie pr\u0105dem mo\u017ce by\u0107 zminimalizowane dzi\u0119ki odpowiednim dzia\u0142aniom planistycznym zmniejszaj\u0105cym ryzyko oraz zarz\u0105dzaniu prac\u0105 na wysoko\u015bci. Niezb\u0119dne jest r\u00f3wnie\u017c w\u0142a\u015bciwe przeszkolenie operatora, kt\u00f3ry powinien posiada\u0107 uprawnienia nadane przez UDT. Najwa\u017cniejsze zasady bezpiecze\u0144stwa przy pracy w pobli\u017cu linii energetycznych: tam, gdzie to mo\u017cliwe, nale\u017cy od\u0142\u0105czy\u0107 napowietrzne linie energetyczne przed przyst\u0105pieniem do prac je\u017celi nie jest to mo\u017cliwe, nale\u017cy zapewni\u0107 odpowiednie zabezpieczenie operatorowi platformy poprzez os\u0142oni\u0119cie ich z u\u017cyciem przeznaczonych do tego celu narz\u0119dzi mo\u017cna zastosowa\u0107 narz\u0119dzia okre\u015blaj\u0105ce odleg\u0142o\u015b\u0107 od przewod\u00f3w, kt\u00f3re wywo\u0142uj\u0105 alarm przy zbytnim zbli\u017ceniu si\u0119 do nich zalecane jest utrzymanie odleg\u0142o\u015bci maksymalnie 15 metr\u00f3w przy w pe\u0142ni roz\u0142o\u017conym wysi\u0119gniku w pobli\u017cu s\u0142up\u00f3w energetycznych oraz maksymalnie 9 metr\u00f3w przy s\u0142upach energetycznych drewnianych przy pracach zaleca si\u0119 wyznaczenie na gruncie maksymalnej odleg\u0142o\u015bci roz\u0142o\u017cenia wysi\u0119gnika nale\u017cy zapewni\u0107 odpowiedni\u0105 kontrol\u0119 terenu przez dodatkowych pracownik\u00f3w na miejscu musz\u0105 znajdowa\u0107 si\u0119 odpowiednie plany dla sytuacji alarmowych i o procedurach musz\u0105 by\u0107 [&hellip;]<\/p>\n","protected":false},"author":1,"featured_media":4485,"parent":75,"menu_order":0,"comment_status":"closed","ping_status":"closed","template":"","meta":{"sfsi_plus_gutenberg_text_before_share":"","sfsi_plus_gutenberg_show_text_before_share":"","sfsi_plus_gutenberg_icon_type":"","sfsi_plus_gutenberg_icon_alignemt":"","sfsi_plus_gutenburg_max_per_row":"","footnotes":""},"class_list":["post-1291","page","type-page","status-publish","has-post-thumbnail","hentry","has_thumb"],"aioseo_notices":[],"_links":{"self":[{"href":"https:\/\/kursy-udt.pl\/de\/wp-json\/wp\/v2\/pages\/1291","targetHints":{"allow":["GET"]}}],"collection":[{"href":"https:\/\/kursy-udt.pl\/de\/wp-json\/wp\/v2\/pages"}],"about":[{"href":"https:\/\/kursy-udt.pl\/de\/wp-json\/wp\/v2\/types\/page"}],"author":[{"embeddable":true,"href":"https:\/\/kursy-udt.pl\/de\/wp-json\/wp\/v2\/users\/1"}],"replies":[{"embeddable":true,"href":"https:\/\/kursy-udt.pl\/de\/wp-json\/wp\/v2\/comments?post=1291"}],"version-history":[{"count":7,"href":"https:\/\/kursy-udt.pl\/de\/wp-json\/wp\/v2\/pages\/1291\/revisions"}],"predecessor-version":[{"id":4486,"href":"https:\/\/kursy-udt.pl\/de\/wp-json\/wp\/v2\/pages\/1291\/revisions\/4486"}],"up":[{"embeddable":true,"href":"https:\/\/kursy-udt.pl\/de\/wp-json\/wp\/v2\/pages\/75"}],"wp:featuredmedia":[{"embeddable":true,"href":"https:\/\/kursy-udt.pl\/de\/wp-json\/wp\/v2\/media\/4485"}],"wp:attachment":[{"href":"https:\/\/kursy-udt.pl\/de\/wp-json\/wp\/v2\/media?parent=1291"}],"curies":[{"name":"wp","href":"https:\/\/api.w.org\/{rel}","templated":true}]}}