{"id":1289,"date":"2014-08-12T20:47:13","date_gmt":"2014-08-12T20:47:13","guid":{"rendered":"http:\/\/kursy-udt.pl\/?page_id=1289"},"modified":"2022-10-17T10:20:25","modified_gmt":"2022-10-17T10:20:25","slug":"sicherheitsverfahren","status":"publish","type":"page","link":"https:\/\/kursy-udt.pl\/de\/szkolenia\/podesty-ruchome\/procedury-bezpieczenstwa\/","title":{"rendered":"Sicherheitsverfahren"},"content":{"rendered":"<div style=\"float: left; padding-right: 10px;\"><img decoding=\"async\" src=\"\/wp-content\/uploads\/2014\/08\/bezpieczenstwo_m.jpg\" alt=\"\" \/><\/div>\n<p>Jeder Kurs \u00fcber <a href=\"https:\/\/kursy-udt.pl\/de\/szkolenia\/udt-wdt-tdt\/zwyzki-podnosniki-koszowe\/\">Hebeb\u00fchne<\/a>Der Leitfaden f\u00fcr den Umgang mit einer mobilen Arbeitsb\u00fchne, einer Scherenb\u00fchne oder einem anderen Ger\u00e4tetyp befasst sich mit Sicherheitsfragen und dem Umgang mit einer Gefahr f\u00fcr das Leben oder die Gesundheit des Bedieners und anderer Benutzer des Ger\u00e4ts. Wir skizzieren das schrittweise Verfahren, das zu befolgen ist, wenn eine mobile Arbeitsb\u00fchne oder eine andere Art von Ger\u00e4t den Bediener daran hindert, frei auszusteigen oder sogar zu kommunizieren.<\/p>\n<p><strong>In solchen F\u00e4llen m\u00fcssen als erstes die zust\u00e4ndigen Stellen sofort benachrichtigt werden. Gleichzeitig m\u00fcssen Rettungsma\u00dfnahmen ergriffen werden, zu denen Folgendes geh\u00f6rt<\/strong><\/p>\n<ul>\n<li>wenn der Bediener des Ger\u00e4ts die Situation nicht unter Kontrolle bringen kann, k\u00f6nnen die Personen auf der Plattform, aber nur diejenigen, die \u00fcber die entsprechenden Kenntnisse und die Genehmigung ihres Arbeitgebers verf\u00fcgen, das Bedienfeld bedienen<\/li>\n<li>Wenn dies nicht m\u00f6glich ist, darf eine Person auf der oberirdischen Ebene die Plattform verlassen, jedoch nur, wenn sie mit dem Verfahren zum Absenken im Notfall vertraut ist, von einem Mitarbeiter autorisiert wurde und die anderen Sicherheitsverfahren kennt.<\/li>\n<\/ul>\n<p>Vor dem Absenken von Plattformen, wie z. B. selbstfahrenden mobilen Plattformen, <a href=\"https:\/\/kursy-udt.pl\/de\/szkolenia\/udt-wdt-tdt\/podesty-ruchome-masztowe\/\">mastgef\u00fchrte mobile Arbeitsb\u00fchnen<\/a>, <a href=\"https:\/\/kursy-udt.pl\/de\/szkolenia\/udt-wdt-tdt\/podesty-ruchome-wiszace\/\">H\u00e4ngearbeitsb\u00fchnen<\/a> ob mobile Arbeitsb\u00fchnen und andere Typen das Gel\u00e4nde, auf dem sie sich befinden, inspizieren m\u00fcssen, um etwaige Hindernisse zu beseitigen.<\/p>\n<p>&nbsp;<\/p>\n<p><a href=\"https:\/\/kursy-udt.pl\/wp-content\/uploads\/2022\/10\/1-7.jpeg\"><img loading=\"lazy\" decoding=\"async\" class=\"size-medium wp-image-4489 alignright\" src=\"https:\/\/kursy-udt.pl\/wp-content\/uploads\/2022\/10\/1-7-300x194.jpeg\" alt=\"\" width=\"300\" height=\"194\" srcset=\"https:\/\/kursy-udt.pl\/wp-content\/uploads\/2022\/10\/1-7-300x194.jpeg 300w, https:\/\/kursy-udt.pl\/wp-content\/uploads\/2022\/10\/1-7-1024x660.jpeg 1024w, https:\/\/kursy-udt.pl\/wp-content\/uploads\/2022\/10\/1-7-768x495.jpeg 768w, https:\/\/kursy-udt.pl\/wp-content\/uploads\/2022\/10\/1-7-1536x991.jpeg 1536w, https:\/\/kursy-udt.pl\/wp-content\/uploads\/2022\/10\/1-7-18x12.jpeg 18w, https:\/\/kursy-udt.pl\/wp-content\/uploads\/2022\/10\/1-7-624x402.jpeg 624w, https:\/\/kursy-udt.pl\/wp-content\/uploads\/2022\/10\/1-7.jpeg 1600w\" sizes=\"auto, (max-width: 300px) 100vw, 300px\" \/><\/a><\/p>\n<p>Das Ger\u00e4t wird am besten vom Boden aus bedient, da es dann eine pr\u00e4zise Bedienung erm\u00f6glicht, aber auch die Plattformebene kann je nach Situation genutzt werden. Die Schl\u00fcssel f\u00fcr das Ger\u00e4t sollten sich im Falle einer St\u00f6rung oder eines Unfalls im Besitz derjenigen befinden, die f\u00fcr die Durchf\u00fchrung der Rettungsaktion verantwortlich sind.<\/p>\n<p>Eine angemessene Schulung der Mitarbeiter in der Bedienung mobiler Arbeitsb\u00fchnen ist ein Schl\u00fcsselelement f\u00fcr die Arbeitssicherheit. Wenn die Mitarbeiter nicht \u00fcber die richtigen Kenntnisse verf\u00fcgen, ist das Risiko von Arbeitsunf\u00e4llen viel h\u00f6her. Wenn Sie den Einsatz mobiler Arbeitsb\u00fchnen in Ihrem Unternehmen planen, ist ein Kurs in unserem Zentrum die beste Wahl. Werfen Sie einen Blick auf unser Angebot und nutzen Sie es!<\/p>\n<div class=\"button_styl\" style=\"float: right; padding-left: 15px; padding-bottom: 8px; margin-bottom: 5px;\"><a class=\"myButton myButton_maly\" href=\"https:\/\/platformaedukacji.pl\/login\/signup.php\" target=\"_blank\" rel=\"nofollow noopener\"><span style=\"color: white;\">Anmeldung zur Schulung<\/span><\/a><\/div>\n<div style=\"padding-top: 70px;\">\n<h2>Weitere Informationen:<\/h2>\n<div style=\"text-align: center; font-size: 85%; line-height: 120%;\">\n<div style=\"float: left; margin-right: 40px; height: 290px;\">\n<p><a href=\"\/de\/ausbildung\/mobile-plattformen\/gebote-und-verbote-2\/\"><img decoding=\"async\" src=\"\/wp-content\/uploads\/2014\/08\/nakazy-zakazy.jpg\" alt=\"\" \/><\/a><\/p>\n<div style=\"width: 300px; font-size: 130%;\"><strong>Gebote und Verbote<\/strong><\/div>\n<p>&nbsp;<\/p>\n<\/div>\n<div style=\"float: left; margin-right: 40px; height: 290px;\">\n<p><a href=\"\/de\/ausbildung\/mobile-plattformen\/arbeiten-in-der-nahe-von-hochspannungsleitungen-2\/\"><img decoding=\"async\" src=\"\/wp-content\/uploads\/2014\/08\/linie-energetyczne.jpg\" alt=\"\" \/><\/a><\/p>\n<div style=\"width: 300px; font-size: 130%;\"><strong>Arbeiten in der N\u00e4he von Stromleitungen <\/strong><\/div>\n<p>&nbsp;<\/p>\n<\/div>\n<\/div>\n<div style=\"clear: both;\"><\/div>\n<div style=\"text-align: center; font-size: 85%; line-height: 120%;\">\n<div style=\"float: left; margin-right: 40px; height: 290px;\">\n<p><a href=\"\/de\/ausbildung\/mobile-plattformen\/sicherheitsverfahren\/\"><img decoding=\"async\" src=\"\/wp-content\/uploads\/2014\/08\/bezpieczenstwo.jpg\" alt=\"\" \/><\/a><\/p>\n<div style=\"width: 300px; font-size: 130%;\"><strong>Sicherheit<\/strong><\/div>\n<p>&nbsp;<\/p>\n<\/div>\n<div style=\"float: left; margin-right: 40px; height: 290px;\">\n<p><a href=\"\/de\/ausbildung\/mobile-plattformen\/oberflachenvorbereitung\/\"><img decoding=\"async\" src=\"\/wp-content\/uploads\/2014\/08\/wypadek.jpg\" alt=\"\" \/><\/a><\/p>\n<div style=\"width: 300px; font-size: 130%;\"><strong>Vorbereitung der Oberfl\u00e4che<\/strong><\/div>\n<p>&nbsp;<\/p>\n<\/div>\n<\/div>\n<div style=\"clear: both;\"><\/div>\n<div style=\"text-align: center; font-size: 85%; line-height: 120%;\">\n<div style=\"float: left; margin-right: 40px; height: 290px;\">\n<p><a href=\"\/de\/ausbildung\/mobile-plattformen\/sicherheit-bei-der-baumpflege\/\"><img decoding=\"async\" src=\"\/wp-content\/uploads\/2016\/09\/drzewa.png\" alt=\"\" \/><\/a><\/p>\n<div style=\"width: 300px; font-size: 130%;\"><strong>Sicherheit bei der Baumpflege<\/strong><\/div>\n<p>&nbsp;<\/p>\n<\/div>\n<div style=\"float: left; margin-right: 40px; height: 290px;\">\n<p><a href=\"\/de\/ausbildung\/mobile-plattformen\/\"><img decoding=\"async\" style=\"width: 300px; height: 225px;\" src=\"\/wp-content\/uploads\/2014\/04\/10-pokaz.jpeg\" alt=\"\" \/><\/a><\/p>\n<div style=\"width: 300px; font-size: 130%;\"><strong><a href=\"https:\/\/kursy-udt.pl\/de\/szkolenia\/podesty-ruchome\/\">Ausbildung f\u00fcr mobile Plattformen<\/a><\/strong><\/div>\n<p>&nbsp;<\/p>\n<\/div>\n<\/div>\n<\/div>","protected":false},"excerpt":{"rendered":"<p>Ka\u017cdy kurs na podno\u015bnik koszowy, no\u017cycowy czy innego rodzaju urz\u0105dzenie obejmuje kwestie bezpiecze\u0144stwa i post\u0119powanie w przypadku zagro\u017cenia \u017cycia lub zdrowia operatora i innych u\u017cytkownik\u00f3w urz\u0105dzenia. Przestawiamy procedur\u0119 krok po korku, jak\u0105 trzeba wykona\u0107 wtedy, gdy podest ruchomy przejezdny czy innego rodzaju urz\u0105dzenie b\u0119dzie uniemo\u017cliwia\u0142o operatorowi swobodne wydostanie si\u0119, a nawet komunikacj\u0119. W takich przypadkach pierwsz\u0105 czynno\u015bci\u0105 jest natychmiastowe zawiadomienie odpowiednich s\u0142u\u017cb. Jednocze\u015bnie nale\u017cy podj\u0105\u0107 si\u0119 dzia\u0142a\u0144 ratowniczych, kt\u00f3re obejmuj\u0105 nast\u0119puj\u0105ce czynno\u015bci: je\u017celi operator urz\u0105dzenia nie mo\u017ce przej\u0105\u0107 kontroli nad sytuacj\u0105, wtedy osoby znajduj\u0105ce si\u0119 na platformie, ale tylko te posiadaj\u0105ce odpowiedni\u0105 wiedz\u0119 oraz autoryzacj\u0119 pracodawcy, mog\u0105 obs\u0142ugiwa\u0107 panel kontrolny je\u017celi powy\u017csza sytuacja nie jest mo\u017cliwa, w\u00f3wczas osoba znajduj\u0105ca si\u0119 na poziomie nawierzchni mo\u017ce opu\u015bci\u0107 platform\u0119, ale tylko wtedy, gdy jest zapoznana z procedur\u0105 alarmowego opuszczania platformy, jest autoryzowana przez pracownika oraz zna pozosta\u0142e procedury bezpiecze\u0144stwa Przed opuszczeniem platform takich jak podesty ruchome samojezdne, podesty ruchome masztowe, podesty ruchome wisz\u0105ce czy podesty ruchome przejezdne i innych rodzaj\u00f3w konieczne jest sprawdzenie terenu, na kt\u00f3rym si\u0119 znajduj\u0105, w celu usuni\u0119cia ewentualnych przeszk\u00f3d. &nbsp; Najlepiej obs\u0142ugiwa\u0107 urz\u0105dzenie z poziomu naziemnego, poniewa\u017c wtedy pozwala ono na precyzyjne operowane, ale r\u00f3wnie\u017c mo\u017cna wykorzysta\u0107 poziom platformy, zale\u017cnie od danej sytuacji. Klucze do urz\u0105dzenia powinny by\u0107 w posiadaniu os\u00f3b odpowiedzialnych za przeprowadzenie akcji ratowniczej przy wyst\u0105pieniu usterki czy wypadku. Odpowiednie przeszkolenie pracownik\u00f3w w zakresie operowania podestami ruchomymi jest kluczowym elementem dla bezpiecze\u0144stwa pracy i je\u017celi pracownicy nie b\u0119d\u0105 posiadali w\u0142a\u015bciwej wiedzy, w\u00f3wczas ryzyko wypadk\u00f3w przy pracy jest znacznie wy\u017csze. Je\u017celi planuj\u0105 Pa\u0144stwo wykorzystywa\u0107 w firmie podesty ruchome kurs w naszym O\u015brodku b\u0119dzie [&hellip;]<\/p>\n","protected":false},"author":1,"featured_media":4489,"parent":75,"menu_order":0,"comment_status":"closed","ping_status":"closed","template":"","meta":{"sfsi_plus_gutenberg_text_before_share":"","sfsi_plus_gutenberg_show_text_before_share":"","sfsi_plus_gutenberg_icon_type":"","sfsi_plus_gutenberg_icon_alignemt":"","sfsi_plus_gutenburg_max_per_row":"","footnotes":""},"class_list":["post-1289","page","type-page","status-publish","has-post-thumbnail","hentry","has_thumb"],"aioseo_notices":[],"_links":{"self":[{"href":"https:\/\/kursy-udt.pl\/de\/wp-json\/wp\/v2\/pages\/1289","targetHints":{"allow":["GET"]}}],"collection":[{"href":"https:\/\/kursy-udt.pl\/de\/wp-json\/wp\/v2\/pages"}],"about":[{"href":"https:\/\/kursy-udt.pl\/de\/wp-json\/wp\/v2\/types\/page"}],"author":[{"embeddable":true,"href":"https:\/\/kursy-udt.pl\/de\/wp-json\/wp\/v2\/users\/1"}],"replies":[{"embeddable":true,"href":"https:\/\/kursy-udt.pl\/de\/wp-json\/wp\/v2\/comments?post=1289"}],"version-history":[{"count":8,"href":"https:\/\/kursy-udt.pl\/de\/wp-json\/wp\/v2\/pages\/1289\/revisions"}],"predecessor-version":[{"id":4491,"href":"https:\/\/kursy-udt.pl\/de\/wp-json\/wp\/v2\/pages\/1289\/revisions\/4491"}],"up":[{"embeddable":true,"href":"https:\/\/kursy-udt.pl\/de\/wp-json\/wp\/v2\/pages\/75"}],"wp:featuredmedia":[{"embeddable":true,"href":"https:\/\/kursy-udt.pl\/de\/wp-json\/wp\/v2\/media\/4489"}],"wp:attachment":[{"href":"https:\/\/kursy-udt.pl\/de\/wp-json\/wp\/v2\/media?parent=1289"}],"curies":[{"name":"wp","href":"https:\/\/api.w.org\/{rel}","templated":true}]}}