{"id":1287,"date":"2014-08-12T20:45:00","date_gmt":"2014-08-12T20:45:00","guid":{"rendered":"http:\/\/kursy-udt.pl\/?page_id=1287"},"modified":"2022-10-17T10:23:43","modified_gmt":"2022-10-17T10:23:43","slug":"oberflachenvorbereitung","status":"publish","type":"page","link":"https:\/\/kursy-udt.pl\/de\/szkolenia\/podesty-ruchome\/przygotowanie-powierzchni\/","title":{"rendered":"Vorbereitung der Oberfl\u00e4che"},"content":{"rendered":"<div style=\"float: left; padding-right: 10px;\"><img decoding=\"async\" src=\"\/wp-content\/uploads\/2014\/08\/wypadek_m.jpg\" alt=\"\" \/><\/div>\n<h2 class=\"naglowekh2\">Oberfl\u00e4chenvorbereitung f\u00fcr den Einsatz von mobilen Plattformen<\/h2>\n<p>Die Bereitstellung einer geeigneten Oberfl\u00e4che f\u00fcr den Einsatz mobiler Arbeitsb\u00fchnen ist entscheidend f\u00fcr die Sicherheit der Arbeitnehmer und ihrer Umgebung. Scherenb\u00fchnen, Hubarbeitsb\u00fchnen, selbstfahrende Arbeitsb\u00fchnen und andere Arten von Arbeitsb\u00fchnen m\u00fcssen auf einem geeigneten Untergrund verwendet werden. Alle Plattformen (mit Ausnahme von H\u00e4ngeb\u00fchnen) sind vom Untergrund abh\u00e4ngig, auf dem sie aufgestellt werden. Wenn sie stabil ist, arbeitet auch das Ger\u00e4t selbst sicherer, was Arbeitsunf\u00e4lle verhindert. Aus diesem Grund enth\u00e4lt jeder Hubarbeitsb\u00fchnenkurs Informationen \u00fcber die Vorbereitung der Oberfl\u00e4che f\u00fcr den Einsatz.<\/p>\n<p>Heutzutage sind verschiedene Arten von Scherenb\u00fchnen, Korbb\u00fchnen und anderen Arbeitsb\u00fchnen im Einsatz, darunter auch solche, die f\u00fcr den Einsatz in schwierigem Gel\u00e4nde geeignet sind. Vor dem Einsatz einer Korb-, Scheren- oder S\u00e4ulenhebeb\u00fchne oder jeder anderen Art von mobilen Arbeitsb\u00fchnen muss der Untergrund jedoch immer gepr\u00fcft und vorbereitet werden. Sie ist nicht nur f\u00fcr die Sicherheit der Arbeit, sondern auch f\u00fcr die Bequemlichkeit des Transports des gesamten Ger\u00e4ts verantwortlich.<\/p>\n<h3 class=\"naglowekh2\"><strong>Der Boden muss vor dem Aufbringen gepr\u00fcft werden - dies kann durch Sichtpr\u00fcfung bis hin zu speziellen geotechnischen Untersuchungen erfolgen. Im Folgenden werden die am h\u00e4ufigsten verwendeten Oberfl\u00e4chen und die von ihnen ausgehenden Risiken beschrieben:<\/strong><\/h3>\n<ul>\n<li><a href=\"https:\/\/kursy-udt.pl\/wp-content\/uploads\/2022\/10\/1-8.jpeg\"><img loading=\"lazy\" decoding=\"async\" class=\"size-medium wp-image-4492 alignright\" src=\"https:\/\/kursy-udt.pl\/wp-content\/uploads\/2022\/10\/1-8-200x300.jpeg\" alt=\"\" width=\"200\" height=\"300\" srcset=\"https:\/\/kursy-udt.pl\/wp-content\/uploads\/2022\/10\/1-8-200x300.jpeg 200w, https:\/\/kursy-udt.pl\/wp-content\/uploads\/2022\/10\/1-8-684x1024.jpeg 684w, https:\/\/kursy-udt.pl\/wp-content\/uploads\/2022\/10\/1-8-768x1151.jpeg 768w, https:\/\/kursy-udt.pl\/wp-content\/uploads\/2022\/10\/1-8-1025x1536.jpeg 1025w, https:\/\/kursy-udt.pl\/wp-content\/uploads\/2022\/10\/1-8-8x12.jpeg 8w, https:\/\/kursy-udt.pl\/wp-content\/uploads\/2022\/10\/1-8-624x935.jpeg 624w, https:\/\/kursy-udt.pl\/wp-content\/uploads\/2022\/10\/1-8.jpeg 1068w\" sizes=\"auto, (max-width: 200px) 100vw, 200px\" \/><\/a>mit Gras bewachsene Fl\u00e4chen - das gr\u00f6\u00dfte Risiko besteht in der N\u00e4he von Gew\u00e4ssern, wo der Boden weggeschwemmt werden kann<\/li>\n<li>Str\u00e4nde - die geringe Dichte des Sandes und der Aufprall des Wassers machen sie zu einem schwierigen Terrain<\/li>\n<li>Fl\u00e4chenstilllegung - unbekannte fr\u00fchere Strukturen, unmarkierte Keller, Gruben k\u00f6nnen ein Risiko darstellen<\/li>\n<li>gepflasterte und asphaltierte Fl\u00e4chen - sind im Allgemeinen sicher, aber Auswaschungen und Sch\u00e4den an der Fahrbahn, insbesondere an den R\u00e4ndern, k\u00f6nnen eine Gefahr darstellen<\/li>\n<li>Stadtzentren - Tunnel, Kan\u00e4le, Keller, Abwassersch\u00e4chte, unzureichend gef\u00fcllte Gruben stellen ein Risiko dar<\/li>\n<\/ul>\n<p>Es ist \u00fcbrigens zu bedenken, dass der Zustand von Bodenbel\u00e4gen im Freien durch das Wetter beeinflusst wird. Anhaltende Regenf\u00e4lle machen die B\u00f6den anf\u00e4lliger f\u00fcr Erdrutsche und Staun\u00e4sse.<\/p>\n<p>Unabh\u00e4ngig von den Bodenverh\u00e4ltnissen kann die Verwendung von Spezialplatten unter einer Schere, einem Korb oder einer anderen Art von Plattform unerl\u00e4sslich sein. Diese Platten stabilisieren das Ger\u00e4t und verhindern, dass es besch\u00e4digt wird.<\/p>\n<h3 class=\"naglowekh2\"><strong>Die wichtigsten Grunds\u00e4tze f\u00fcr den Einsatz von Platten:<\/strong><\/h3>\n<ul>\n<li>das Ger\u00e4t sollte zentriert und nicht an den R\u00e4ndern der Platten angebracht werden<\/li>\n<li>eventuelle L\u00fccken im Boden auszuf\u00fcllen, z. B. wenn das Ger\u00e4t in einer Senke aufgestellt wird<\/li>\n<li>Platten d\u00fcrfen nicht verlegt werden, wenn unter der oberen Bodenschicht Hohlr\u00e4ume vermutet werden.<\/li>\n<li>Platten und Plattformen d\u00fcrfen nicht so platziert werden, dass das Material leicht unter ihnen weggesp\u00fclt werden kann, z. B. auf H\u00fcgeln<\/li>\n<\/ul>\n<p>Unser Kurs \u00fcber <a href=\"https:\/\/kursy-udt.pl\/de\/szkolenia\/udt-wdt-tdt\/zwyzki-podnosniki-koszowe\/\">Kurs f\u00fcr Hubarbeitsb\u00fchnen<\/a>, Scherenb\u00fchnen und andere Arten von Aufz\u00fcgen gr\u00fcndlich pr\u00e4sentiert Ihnen alle Informationen im Zusammenhang mit der sicheren Platzierung von Ger\u00e4ten auf verschiedenen Oberfl\u00e4chen. Arbeitsb\u00fchnen, Scherenb\u00fchnen, Korbb\u00fchnen Warschau - wir laden Sie ein, unser Schulungsangebot zu \u00fcberpr\u00fcfen!<\/p>\n<div class=\"button_styl\" style=\"float: right; padding-left: 15px; padding-bottom: 8px; margin-bottom: 5px;\"><a class=\"myButton myButton_maly\" href=\"https:\/\/platformaedukacji.pl\/login\/signup.php\" target=\"_blank\" rel=\"nofollow noopener\"><span style=\"color: white;\">Anmeldung zur Schulung<\/span><\/a><\/div>\n<div style=\"padding-top: 70px;\">\n<h2>Weitere Informationen:<\/h2>\n<div style=\"text-align: center; font-size: 85%; line-height: 120%;\">\n<div style=\"float: left; margin-right: 40px; height: 290px;\">\n<p><a href=\"\/de\/ausbildung\/mobile-plattformen\/gebote-und-verbote-2\/\"><img decoding=\"async\" src=\"\/wp-content\/uploads\/2014\/08\/nakazy-zakazy.jpg\" alt=\"\" \/><\/a><\/p>\n<div style=\"width: 300px; font-size: 130%;\"><strong>Gebote und Verbote<\/strong><\/div>\n<p>&nbsp;<\/p>\n<\/div>\n<div style=\"float: left; margin-right: 40px; height: 290px;\">\n<p><a href=\"\/de\/ausbildung\/mobile-plattformen\/arbeiten-in-der-nahe-von-hochspannungsleitungen-2\/\"><img decoding=\"async\" src=\"\/wp-content\/uploads\/2014\/08\/linie-energetyczne.jpg\" alt=\"\" \/><\/a><\/p>\n<div style=\"width: 300px; font-size: 130%;\"><strong>Arbeiten in der N\u00e4he von Stromleitungen <\/strong><\/div>\n<p>&nbsp;<\/p>\n<\/div>\n<\/div>\n<div style=\"clear: both;\"><\/div>\n<div style=\"text-align: center; font-size: 85%; line-height: 120%;\">\n<div style=\"float: left; margin-right: 40px; height: 290px;\">\n<p><a href=\"\/de\/ausbildung\/mobile-plattformen\/sicherheitsverfahren\/\"><img decoding=\"async\" src=\"\/wp-content\/uploads\/2014\/08\/bezpieczenstwo.jpg\" alt=\"\" \/><\/a><\/p>\n<div style=\"width: 300px; font-size: 130%;\"><strong>Sicherheit<\/strong><\/div>\n<p>&nbsp;<\/p>\n<\/div>\n<div style=\"float: left; margin-right: 40px; height: 290px;\">\n<p><a href=\"\/de\/ausbildung\/mobile-plattformen\/oberflachenvorbereitung\/\"><img decoding=\"async\" src=\"\/wp-content\/uploads\/2014\/08\/wypadek.jpg\" alt=\"\" \/><\/a><\/p>\n<div style=\"width: 300px; font-size: 130%;\"><strong>Vorbereitung der Oberfl\u00e4che<\/strong><\/div>\n<p>&nbsp;<\/p>\n<\/div>\n<\/div>\n<div style=\"clear: both;\"><\/div>\n<div style=\"text-align: center; font-size: 85%; line-height: 120%;\">\n<div style=\"float: left; margin-right: 40px; height: 290px;\">\n<p><a href=\"\/de\/ausbildung\/mobile-plattformen\/sicherheit-bei-der-baumpflege\/\"><img decoding=\"async\" src=\"\/wp-content\/uploads\/2016\/09\/drzewa.png\" alt=\"\" \/><\/a><\/p>\n<div style=\"width: 300px; font-size: 130%;\"><strong>Sicherheit bei der Baumpflege<\/strong><\/div>\n<p>&nbsp;<\/p>\n<\/div>\n<div style=\"float: left; margin-right: 40px; height: 290px;\">\n<p><a href=\"\/de\/ausbildung\/mobile-plattformen\/\"><img decoding=\"async\" style=\"width: 300px; height: 225px;\" src=\"\/wp-content\/uploads\/2014\/04\/10-pokaz.jpeg\" alt=\"\" \/><\/a><\/p>\n<div style=\"width: 300px; font-size: 130%;\"><strong><a href=\"https:\/\/kursy-udt.pl\/de\/szkolenia\/podesty-ruchome\/\">Ausbildung f\u00fcr mobile Plattformen<\/a><\/strong><\/div>\n<p>&nbsp;<\/p>\n<\/div>\n<\/div>\n<\/div>","protected":false},"excerpt":{"rendered":"<p>Przygotowanie powierzchni pod u\u017cycie podest\u00f3w ruchomych Zapewnienie odpowiedniego pod\u0142o\u017ca do u\u017cycia podest\u00f3w ruchomych jest kluczowe dla bezpiecze\u0144stwa pracownik\u00f3w i ich otoczenia. Podno\u015bniki no\u017cycowe, podno\u015bniki koszowe, podesty samojezdne i innego rodzaju podesty musz\u0105 by\u0107 u\u017cytkowane na odpowiedniej nawierzchni. Wszystkie podesty (wyj\u0105tkiem s\u0105 podesty wisz\u0105ce), s\u0105 zale\u017cne od pod\u0142o\u017ca, na kt\u00f3rym si\u0119 znajduj\u0105. Je\u017celi jest ono stabilne, w\u00f3wczas tak\u017ce samo urz\u0105dzenie dzia\u0142a bezpieczniej, co zapobiega wypadkom przy pracy. Dlatego ka\u017cdy kurs na podno\u015bniki obejmuje informacje zwi\u0105zane z przygotowaniem nawierzchni pod u\u017cycie urz\u0105dzenia. Obecnie w u\u017cytku znajduj\u0105 si\u0119 r\u00f3\u017cnego rodzaju podesty no\u017cycowe, koszowe i inne, tak\u017ce takie, kt\u00f3re przystosowane s\u0105 do u\u017cycia na trudnym gruncie. Zawsze jednak zanim podno\u015bnik koszowy, podno\u015bnik no\u017cycowy lub podno\u015bnik kolumnowy czy innego rodzaju podest samojezdny zostanie zastosowany, konieczne jest sprawdzenie i przygotowanie nawierzchni. Jest ona odpowiedzialna nie tylko za bezpiecze\u0144stwo pracy, ale r\u00f3wnie\u017c dodatkowo za wygod\u0119 przemieszczania ca\u0142ego urz\u0105dzenia. Przed zastosowaniem urz\u0105dzenia nale\u017cy zbada\u0107 grunt \u2013 mo\u017cna dokona\u0107 tego poprzez inspekcj\u0119 wizualn\u0105 a\u017c do specjalnych geotechnicznych bada\u0144. Oto najcz\u0119\u015bciej wykorzystywane nawierzchnie i zagro\u017cenia, jakie nios\u0105: tereny obro\u015bni\u0119te traw\u0105 \u2013 najwi\u0119ksze zagro\u017cenie stanowi\u0105 te po\u0142o\u017cone nad zbiornikami wodnymi, gdzie grunt mo\u017ce by\u0107 podmywany pla\u017ce \u2013 niska g\u0119sto\u015b\u0107 piasku oraz oddzia\u0142ywanie wody powoduje, \u017ce to trudny teren od\u0142ogi \u2013 niewiadome wcze\u015bniejsze konstrukcje, zagro\u017ceniem mog\u0105 by\u0107 nieoznaczone piwnice, do\u0142y brukowane i wyasfaltowane tereny \u2013 s\u0105 zasadniczo bezpieczne, ale zagro\u017ceniem mog\u0105 by\u0107 podmycia oraz uszkodzenia nawierzchni, w tym w szczeg\u00f3lno\u015bci jej kraw\u0119dzie centra miast \u2013 zagro\u017cenie stanowi\u0105 tunele, kana\u0142y, piwnice, studzienki kanalizacyjne, nieodpowiednio wype\u0142nione do\u0142y Warto przy okazji pami\u0119ta\u0107, \u017ce na stan nawierzchni na zewn\u0105trz wp\u0142ywa aura. [&hellip;]<\/p>\n","protected":false},"author":1,"featured_media":4492,"parent":75,"menu_order":0,"comment_status":"closed","ping_status":"closed","template":"","meta":{"sfsi_plus_gutenberg_text_before_share":"","sfsi_plus_gutenberg_show_text_before_share":"","sfsi_plus_gutenberg_icon_type":"","sfsi_plus_gutenberg_icon_alignemt":"","sfsi_plus_gutenburg_max_per_row":"","footnotes":""},"class_list":["post-1287","page","type-page","status-publish","has-post-thumbnail","hentry","has_thumb"],"aioseo_notices":[],"_links":{"self":[{"href":"https:\/\/kursy-udt.pl\/de\/wp-json\/wp\/v2\/pages\/1287","targetHints":{"allow":["GET"]}}],"collection":[{"href":"https:\/\/kursy-udt.pl\/de\/wp-json\/wp\/v2\/pages"}],"about":[{"href":"https:\/\/kursy-udt.pl\/de\/wp-json\/wp\/v2\/types\/page"}],"author":[{"embeddable":true,"href":"https:\/\/kursy-udt.pl\/de\/wp-json\/wp\/v2\/users\/1"}],"replies":[{"embeddable":true,"href":"https:\/\/kursy-udt.pl\/de\/wp-json\/wp\/v2\/comments?post=1287"}],"version-history":[{"count":9,"href":"https:\/\/kursy-udt.pl\/de\/wp-json\/wp\/v2\/pages\/1287\/revisions"}],"predecessor-version":[{"id":4493,"href":"https:\/\/kursy-udt.pl\/de\/wp-json\/wp\/v2\/pages\/1287\/revisions\/4493"}],"up":[{"embeddable":true,"href":"https:\/\/kursy-udt.pl\/de\/wp-json\/wp\/v2\/pages\/75"}],"wp:featuredmedia":[{"embeddable":true,"href":"https:\/\/kursy-udt.pl\/de\/wp-json\/wp\/v2\/media\/4492"}],"wp:attachment":[{"href":"https:\/\/kursy-udt.pl\/de\/wp-json\/wp\/v2\/media?parent=1287"}],"curies":[{"name":"wp","href":"https:\/\/api.w.org\/{rel}","templated":true}]}}