{"id":1284,"date":"2014-08-12T20:39:19","date_gmt":"2014-08-12T20:39:19","guid":{"rendered":"http:\/\/kursy-udt.pl\/?page_id=1284"},"modified":"2022-10-14T12:21:53","modified_gmt":"2022-10-14T12:21:53","slug":"gebote-und-verbote-2","status":"publish","type":"page","link":"https:\/\/kursy-udt.pl\/de\/szkolenia\/podesty-ruchome\/nakazy-i-zakazy\/","title":{"rendered":"Gebote und Verbote"},"content":{"rendered":"<div style=\"float: left; padding-right: 10px;\"><img decoding=\"async\" src=\"\/wp-content\/uploads\/2014\/08\/nakazy-zakazy_m.jpg\" alt=\"\" \/><\/div>\n<h2 class=\"naglowekh2\">Die wichtigsten Gebote und Verbote bei der Arbeit mit mobilen Plattformen<\/h2>\n<p>Arbeitnehmer, die eine <a href=\"https:\/\/kursy-udt.pl\/de\/uprawnienia-udt\/kategorie-uprawnien-2\/\">UDT-Anspr\u00fcche<\/a> F\u00fcr die Arbeit mit mobilen Arbeitsb\u00fchnen unterschiedlicher Art erhalten sie eine umfassende theoretische Vorbereitung, die auch Sicherheitsgrunds\u00e4tze umfasst.<\/p>\n<h3><strong>Vor\u00a0<strong>Ger\u00e4t<\/strong> verwendet werden:<\/strong><\/h3>\n<ul>\n<li>alle t\u00e4glichen Kontrollen \u00fcber den Zustand der Ausr\u00fcstung durchzuf\u00fchren<\/li>\n<li>Verwenden Sie keine besch\u00e4digten oder unvollst\u00e4ndigen Ger\u00e4te<\/li>\n<li>Benutzen Sie das Ger\u00e4t nicht auf einem ungeeigneten Untergrund<\/li>\n<\/ul>\n<h3 class=\"naglowekh2\"><strong>Bevor Sie das Ger\u00e4t bewegen:<\/strong><\/h3>\n<ul>\n<li>die Oberfl\u00e4che sollte gr\u00fcndlich auf Sch\u00e4den und Hindernisse \u00fcberpr\u00fcft werden<\/li>\n<li>die Bewegungsrichtung des Ger\u00e4ts zu \u00fcberpr\u00fcfen<\/li>\n<\/ul>\n<h3 class=\"naglowekh2\"><strong>Verschieben des Ger\u00e4ts:<\/strong><\/h3>\n<ul>\n<li><a href=\"https:\/\/kursy-udt.pl\/wp-content\/uploads\/2022\/10\/1-6.jpeg\"><img loading=\"lazy\" decoding=\"async\" class=\"alignright wp-image-4481\" src=\"https:\/\/kursy-udt.pl\/wp-content\/uploads\/2022\/10\/1-6-200x300.jpeg\" alt=\"\" width=\"250\" height=\"375\" srcset=\"https:\/\/kursy-udt.pl\/wp-content\/uploads\/2022\/10\/1-6-200x300.jpeg 200w, https:\/\/kursy-udt.pl\/wp-content\/uploads\/2022\/10\/1-6-683x1024.jpeg 683w, https:\/\/kursy-udt.pl\/wp-content\/uploads\/2022\/10\/1-6-768x1152.jpeg 768w, https:\/\/kursy-udt.pl\/wp-content\/uploads\/2022\/10\/1-6-1024x1536.jpeg 1024w, https:\/\/kursy-udt.pl\/wp-content\/uploads\/2022\/10\/1-6-8x12.jpeg 8w, https:\/\/kursy-udt.pl\/wp-content\/uploads\/2022\/10\/1-6-624x936.jpeg 624w, https:\/\/kursy-udt.pl\/wp-content\/uploads\/2022\/10\/1-6.jpeg 1067w\" sizes=\"auto, (max-width: 250px) 100vw, 250px\" \/><\/a>\n<p>den Raum vor und \u00fcber dem Ger\u00e4t in dessen Bewegungsrichtung st\u00e4ndig kontrollieren<\/li>\n<li>die Plattform mit angemessener Geschwindigkeit zu bewegen<\/li>\n<li>das Ger\u00e4t zu lenken, um auftauchenden Hindernissen auszuweichen<\/li>\n<li>sich nicht \u00fcber die Schienen des Ger\u00e4ts beugen<\/li>\n<li>keine Gegenst\u00e4nde auf das Bedienfeld stellen<\/li>\n<li>sich nicht auf das Bedienfeld st\u00fctzen<\/li>\n<li>Handys sollten nicht benutzt werden<\/li>\n<\/ul>\n<h3 class=\"naglowekh2\"><strong>Platzierung\u00a0<strong>Ger\u00e4te<\/strong> in der richtigen Position:<\/strong><\/h3>\n<ul>\n<li>die H\u00f6he des Ger\u00e4ts auf das richtige Niveau einstellen<\/li>\n<li>auf Hindernisse achten, auch an der Decke<\/li>\n<li>der Belag sollte auf Sch\u00e4den und Ebenheit \u00fcberpr\u00fcft werden<\/li>\n<\/ul>\n<h3 class=\"naglowekh2\"><strong>Verwendung von <strong>Ger\u00e4te<\/strong>:<\/strong><\/h3>\n<ul>\n<li>mobile Arbeitsb\u00fchnen sollten nicht von Personen ohne Ausbildung benutzt werden<\/li>\n<li>der Bediener sollte mit dem jeweiligen Ger\u00e4tetyp vertraut sein<\/li>\n<li>der Bediener sollte \u00fcber die mit der Verwendung des Ger\u00e4ts verbundenen Risiken und die Betriebsvorschriften aufgekl\u00e4rt werden<\/li>\n<\/ul>\n<h3 class=\"naglowekh2\"><strong>Rettung:<\/strong><\/h3>\n<ul>\n<li>Benutzen Sie das Ger\u00e4t nicht, wenn Sie mit den Rettungsma\u00dfnahmen nicht vertraut sind und sich niemand in der N\u00e4he befindet, der damit vertraut ist.<\/li>\n<\/ul>\n<p>Dar\u00fcber hinaus befasst sich der Kurs \u00fcber mobile Arbeitsb\u00fchnen mit weiteren Fragen im Zusammenhang mit den Sicherheitsvorschriften bei der Verwendung der Ger\u00e4te. Als Bediener sollten Sie mit allen Regeln vertraut sein, die f\u00fcr fahrbare, mitfahrende, freilaufende und andere Arten von Aufz\u00fcgen je nach Typ und Leistung gelten.<\/p>\n<p>Durch die Wahl unserer <a href=\"https:\/\/kursy-udt.pl\/de\/szkolenia\/udt-wdt-tdt\/uprawnienia-podesty-ruchome\/\">Kurs f\u00fcr mobile Plattformen<\/a>Sie erhalten einen umfassenden Service einschlie\u00dflich theoretischer und praktischer Schulung, damit Sie die Ger\u00e4te sicher benutzen k\u00f6nnen.<\/p>\n<div class=\"button_styl\" style=\"float: right; padding-left: 15px; padding-bottom: 8px; margin-bottom: 5px;\"><a class=\"myButton myButton_maly\" href=\"https:\/\/platformaedukacji.pl\/login\/signup.php\" target=\"_blank\" rel=\"nofollow noopener\"><span style=\"color: white;\">Anmeldung zur Schulung<\/span><\/a><\/div>\n<div style=\"padding-top: 70px;\">\n<h2 class=\"naglowekh2\">Weitere Informationen:<\/h2>\n<div style=\"text-align: center; font-size: 85%; line-height: 120%;\">\n<div style=\"float: left; margin-right: 40px; height: 290px;\">\n<p><a href=\"\/de\/ausbildung\/mobile-plattformen\/gebote-und-verbote-2\/\"><img decoding=\"async\" src=\"\/wp-content\/uploads\/2014\/08\/nakazy-zakazy.jpg\" alt=\"\" \/><\/a><\/p>\n<div style=\"width: 300px; font-size: 130%;\"><strong>Gebote und Verbote<\/strong><\/div>\n<p>&nbsp;<\/p>\n<\/div>\n<div style=\"float: left; margin-right: 40px; height: 290px;\">\n<p><a href=\"\/de\/ausbildung\/mobile-plattformen\/arbeiten-in-der-nahe-von-hochspannungsleitungen-2\/\"><img decoding=\"async\" src=\"\/wp-content\/uploads\/2014\/08\/linie-energetyczne.jpg\" alt=\"\" \/><\/a><\/p>\n<div style=\"width: 300px; font-size: 130%;\"><strong>Arbeiten in der N\u00e4he von Stromleitungen <\/strong><\/div>\n<p>&nbsp;<\/p>\n<\/div>\n<\/div>\n<div style=\"clear: both;\"><\/div>\n<div style=\"text-align: center; font-size: 85%; line-height: 120%;\">\n<div style=\"float: left; margin-right: 40px; height: 290px;\">\n<p><a href=\"\/de\/ausbildung\/mobile-plattformen\/sicherheitsverfahren\/\"><img decoding=\"async\" src=\"\/wp-content\/uploads\/2014\/08\/bezpieczenstwo.jpg\" alt=\"\" \/><\/a><\/p>\n<div style=\"width: 300px; font-size: 130%;\"><strong>Sicherheit<\/strong><\/div>\n<p>&nbsp;<\/p>\n<\/div>\n<div style=\"float: left; margin-right: 40px; height: 290px;\">\n<p><a href=\"\/de\/ausbildung\/mobile-plattformen\/oberflachenvorbereitung\/\"><img decoding=\"async\" src=\"\/wp-content\/uploads\/2014\/08\/wypadek.jpg\" alt=\"\" \/><\/a><\/p>\n<div style=\"width: 300px; font-size: 130%;\"><strong>Vorbereitung der Oberfl\u00e4che<\/strong><\/div>\n<p>&nbsp;<\/p>\n<\/div>\n<\/div>\n<div style=\"clear: both;\"><\/div>\n<div style=\"text-align: center; font-size: 85%; line-height: 120%;\">\n<div style=\"float: left; margin-right: 40px; height: 290px;\">\n<p><a href=\"\/de\/ausbildung\/mobile-plattformen\/sicherheit-bei-der-baumpflege\/\"><img decoding=\"async\" src=\"\/wp-content\/uploads\/2016\/09\/drzewa.png\" alt=\"\" \/><\/a><\/p>\n<div style=\"width: 300px; font-size: 130%;\"><strong>Sicherheit bei der Baumpflege<\/strong><\/div>\n<p>&nbsp;<\/p>\n<\/div>\n<div style=\"float: left; margin-right: 40px; height: 290px;\">\n<p><a href=\"\/de\/ausbildung\/mobile-plattformen\/\"><img decoding=\"async\" style=\"width: 300px; height: 225px;\" src=\"\/wp-content\/uploads\/2014\/04\/10-pokaz.jpeg\" alt=\"\" \/><\/a><\/p>\n<div style=\"width: 300px; font-size: 130%;\"><strong><a href=\"https:\/\/kursy-udt.pl\/de\/szkolenia\/podesty-ruchome\/\">Ausbildung f\u00fcr mobile Plattformen<\/a><\/strong><\/div>\n<p>&nbsp;<\/p>\n<\/div>\n<\/div>\n<\/div>","protected":false},"excerpt":{"rendered":"<p>Najwa\u017cniejsze nakazy i zakazy przy pracy z podestami ruchomymi Pracownicy chc\u0105cy uzyska\u0107 uprawnienia UDT do pracy z podestami ruchomymi r\u00f3\u017cnych typ\u00f3w, otrzymuj\u0105 kompleksowe przygotowanie teoretyczne, kt\u00f3re obejmuje tak\u017ce zasady bezpiecze\u0144stwa. Zanim\u00a0urz\u0105dzenie zostanie u\u017cyte: nale\u017cy przeprowadzi\u0107 wszystkie codzienne czynno\u015bci sprawdzaj\u0105ce stan urz\u0105dzenia nie nale\u017cy u\u017cywa\u0107 uszkodzonych lub niekompletnych urz\u0105dze\u0144 nie nale\u017cy u\u017cywa\u0107 urz\u0105dze\u0144 na nieprzystosowanej do nich nawierzchni Przed poruszeniem urz\u0105dzenia: nale\u017cy dok\u0142adnie sprawdzi\u0107 powierzchni\u0119 pod k\u0105tem jej uszkodze\u0144 i przeszk\u00f3d nale\u017cy sprawdzi\u0107 kierunek poruszania si\u0119 urz\u0105dzenia Poruszanie urz\u0105dzenia: nale\u017cy stale sprawdza\u0107 przestrze\u0144 przed oraz nad urz\u0105dzeniem w kierunku jego poruszania si\u0119 nale\u017cy porusza\u0107 podest w odpowiedniej pr\u0119dko\u015bci nale\u017cy kierowa\u0107 urz\u0105dzeniem, aby unika\u0107 pojawiaj\u0105cych si\u0119 przeszk\u00f3d nie nale\u017cy przechyla\u0107 si\u0119 przez barierki urz\u0105dzenia nie nale\u017cy umieszcza\u0107 obiekt\u00f3w na panelu kontrolnym nie nale\u017cy opiera\u0107 si\u0119 o panel kontrolny nie nale\u017cy u\u017cywa\u0107 telefon\u00f3w kom\u00f3rkowych Umieszczanie\u00a0urz\u0105dzenia w odpowiedniej pozycji: nale\u017cy ustawi\u0107 wysoko\u015b\u0107 urz\u0105dzenia na w\u0142a\u015bciwym poziomie nale\u017cy uwa\u017ca\u0107 na pojawiaj\u0105ce si\u0119 przeszkody, tak\u017ce na suficie nale\u017cy sprawdzi\u0107 nawierzchni\u0119 pod k\u0105tem jej uszkodze\u0144 i poziomu U\u017cywanie urz\u0105dzenia: podesty ruchome nie powinny by\u0107 u\u017cywane przez osoby bez przeszkolenia operator powinien by\u0107 zaznajomiony z konkretnym rodzajem urz\u0105dzenia operator powinien by\u0107 zapoznany z ryzykiem u\u017cywania urz\u0105dzenia oraz zasadami pracy Ratunek: nie nale\u017cy korzysta\u0107 z urz\u0105dzenia w sytuacji, w kt\u00f3rej nie jest si\u0119 pewnym co do procedur ratowniczych oraz nie ma w pobli\u017cu osoby, kt\u00f3ra by\u0142aby z nimi zaznajomiona Dodatkowo kurs podesty ruchome porusza inne kwestie zwi\u0105zane z zasadami bezpiecze\u0144stwa podczas u\u017cycia urz\u0105dze\u0144. Jako operator nale\u017cy zna\u0107 wszystkie z przedstawionych zasad na podesty ruchome, przejezdne, wolnobie\u017cne oraz innego rodzaju zale\u017cnie od ich typu oraz [&hellip;]<\/p>\n","protected":false},"author":1,"featured_media":0,"parent":75,"menu_order":0,"comment_status":"closed","ping_status":"closed","template":"","meta":{"sfsi_plus_gutenberg_text_before_share":"","sfsi_plus_gutenberg_show_text_before_share":"","sfsi_plus_gutenberg_icon_type":"","sfsi_plus_gutenberg_icon_alignemt":"","sfsi_plus_gutenburg_max_per_row":"","footnotes":""},"class_list":["post-1284","page","type-page","status-publish","hentry","has_thumb"],"aioseo_notices":[],"_links":{"self":[{"href":"https:\/\/kursy-udt.pl\/de\/wp-json\/wp\/v2\/pages\/1284","targetHints":{"allow":["GET"]}}],"collection":[{"href":"https:\/\/kursy-udt.pl\/de\/wp-json\/wp\/v2\/pages"}],"about":[{"href":"https:\/\/kursy-udt.pl\/de\/wp-json\/wp\/v2\/types\/page"}],"author":[{"embeddable":true,"href":"https:\/\/kursy-udt.pl\/de\/wp-json\/wp\/v2\/users\/1"}],"replies":[{"embeddable":true,"href":"https:\/\/kursy-udt.pl\/de\/wp-json\/wp\/v2\/comments?post=1284"}],"version-history":[{"count":9,"href":"https:\/\/kursy-udt.pl\/de\/wp-json\/wp\/v2\/pages\/1284\/revisions"}],"predecessor-version":[{"id":4483,"href":"https:\/\/kursy-udt.pl\/de\/wp-json\/wp\/v2\/pages\/1284\/revisions\/4483"}],"up":[{"embeddable":true,"href":"https:\/\/kursy-udt.pl\/de\/wp-json\/wp\/v2\/pages\/75"}],"wp:attachment":[{"href":"https:\/\/kursy-udt.pl\/de\/wp-json\/wp\/v2\/media?parent=1284"}],"curies":[{"name":"wp","href":"https:\/\/api.w.org\/{rel}","templated":true}]}}