{"id":1198,"date":"2014-08-07T10:05:16","date_gmt":"2014-08-07T10:05:16","guid":{"rendered":"http:\/\/kursy-udt.pl\/?page_id=1198"},"modified":"2022-10-17T10:35:22","modified_gmt":"2022-10-17T10:35:22","slug":"konstruktion-2","status":"publish","type":"page","link":"https:\/\/kursy-udt.pl\/de\/szkolenia\/wozkiwidlowe\/budowa\/","title":{"rendered":"Gabelstaplerbau"},"content":{"rendered":"<div style=\"float: left; padding-right: 10px;\"><img decoding=\"async\" src=\"\/wp-content\/uploads\/2014\/08\/mbud.jpg\" alt=\"\" \/><\/div>\n<div class=\"wyjustuj\">\n<p><a href=\"https:\/\/kursy-udt.pl\/de\/szkolenia\/wozkiwidlowe\/\">Gabelstapler-Kurse<\/a> enth\u00e4lt alle f\u00fcr die Arbeit eines Bedieners erforderlichen Informationen, einschlie\u00dflich der Daten \u00fcber die Konstruktion typischer Gabelstapler.<\/p>\n<p><strong>Gabelstapler werden aus den folgenden Bauteilen gebaut:<\/strong><\/p>\n<ul>\n<li>Rahmen - aus entsprechend geformtem Stahl<\/li>\n<li>Fahrgestell - das Fahrgestell besteht aus R\u00e4dern, in der Regel drei oder vier, je nach Modell der Maschine<\/li>\n<li>Motor - in den Fahrzeugen werden haupts\u00e4chlich Motoren mit niedriger Verdichtung verwendet, die mit Fl\u00fcssiggas, Benzin und Diesel betrieben werden; beliebt sind auch Elektro- und Batteriemotoren<\/li>\n<li>Gegengewicht - sein Hauptzweck ist es, sicherzustellen, dass das Fahrzeug ausreichend beladen ist, wenn es eine Last tr\u00e4gt; es hat normalerweise die Form eines Stahlblocks am hinteren Ende<\/li>\n<li>Hubger\u00fcst - der Teil, der vertikal an der Vorderseite der Maschine angebracht ist und das Absenken, Heben und Kippen von Lasten erm\u00f6glicht<\/li>\n<li>Gabeln - diese sind L-f\u00f6rmig und werden durch eine Kette vertikal bewegt. Die Gabeln k\u00f6nnen auch gegen andere Arten von Anbauger\u00e4ten ausgetauscht werden, z. B. f\u00fcr den Transport von Kartons, F\u00e4ssern<\/li>\n<li>Krankenwagen - die Frontplatte des Fahrzeugs, die am Mast montiert ist, am Krankenwagen sind die Gabeln und das Schutzgitter befestigt<\/li>\n<li>Schutzgitter - um ein Verrutschen der transportierten Lasten zu verhindern<\/li>\n<li>Sicherheitsk\u00e4fig - sch\u00fctzt den Maschinenf\u00fchrer vor von oben herabfallenden Lasten<\/li>\n<li>Fahrerkabine - sie ist f\u00fcr die Bedienung des Fahrzeugs bestimmt und enth\u00e4lt Elemente wie Lenkrad, Pedale und Hebel, mit denen das gesamte Fahrzeug gesteuert werden kann. Die Kabine ist offen, aber geschlossen, so dass die Person im Inneren vor m\u00f6glichen Unf\u00e4llen gesch\u00fctzt ist<\/li>\n<\/ul>\n<p>Je nach Verwendungszweck k\u00f6nnen Gabelstapler auch andere Komponenten enthalten. Lenkbare Gabelstapler haben u. a. keine Fahrerkabine, spezielle Gabelstapler k\u00f6nnen einen \u00dcberhang haben, um schwere Lasten in h\u00f6here Ebenen zu heben.<\/p>\n<p>Dar\u00fcber hinaus enthalten die Gabelstaplerkurse Informationen \u00fcber verschiedene Arten von Gabelstaplern, wie z. B. handgef\u00fchrte, plattform-, sitz- und ferngesteuerte, elektrische, batteriebetriebene, benzinbetriebene und dieselbetriebene.<\/p>\n<div class=\"filmw\">\n<div class=\"responsive-youtube\" style=\"text-align: center;\"><iframe loading=\"lazy\" title=\"YouTube-Video-Player\" src=\"https:\/\/www.youtube.com\/embed\/dFMZUadVVBM\" width=\"560\" height=\"315\" frameborder=\"0\" allowfullscreen=\"allowfullscreen\"><\/iframe><\/div>\n<\/div>\n<\/div>\n<div class=\"button_styl\" style=\"float: right; padding-left: 15px; padding-bottom: 8px; margin-bottom: 5px;\"><a class=\"myButton myButton_maly\" href=\"https:\/\/platformaedukacji.pl\/login\/signup.php\" target=\"_blank\" rel=\"nofollow noopener\"><span style=\"color: white;\">Anmeldung zur Schulung<\/span><\/a><\/div>\n<div style=\"padding-top: 70px;\">\n<h2>Weitere Informationen:<\/h2>\n<div style=\"text-align: center; font-size: 85%; line-height: 120%;\">\n<div style=\"float: left; margin-right: 40px; height: 290px;\">\n<p><a href=\"\/de\/ausbildung\/wozkiwidlowe\/kontrolle\/\"><img decoding=\"async\" src=\"\/wp-content\/uploads\/2014\/08\/ster.jpg\" alt=\"\" \/><\/a><\/p>\n<div style=\"width: 300px; font-size: 130%;\"><strong>Kontrolle<\/strong><br \/>\nRichtige Kontrolltechniken<\/div>\n<p>&nbsp;<\/p>\n<\/div>\n<div style=\"float: left; margin-right: 40px; height: 290px;\">\n<p><a href=\"\/de\/ausbildung\/wozkiwidlowe\/lastenhandhabung\/\"><img decoding=\"async\" src=\"\/wp-content\/uploads\/2014\/08\/oper.jpg\" alt=\"\" \/><\/a><\/p>\n<div style=\"width: 300px; font-size: 130%;\"><strong>Frachtumschlag<\/strong><br \/>\nBedienung eines beladenen Gabelstaplers<\/div>\n<p>&nbsp;<\/p>\n<\/div>\n<\/div>\n<div style=\"clear: both;\"><\/div>\n<div style=\"text-align: center; font-size: 85%; line-height: 120%;\">\n<div style=\"float: left; margin-right: 40px; height: 290px;\">\n<p><a href=\"\/de\/ausbildung\/wozkiwidlowe\/sicherheit\/\"><img decoding=\"async\" src=\"\/wp-content\/uploads\/2014\/08\/bezp.jpg\" alt=\"\" \/><\/a><\/p>\n<div style=\"width: 300px; font-size: 130%;\"><strong>Sicherheit<\/strong><br \/>\nGrunds\u00e4tze der sicheren Handhabung<\/div>\n<p>&nbsp;<\/p>\n<\/div>\n<div style=\"float: left; margin-right: 40px; height: 290px;\">\n<p><a href=\"\/de\/ausbildung\/wozkiwidlowe\/konstruktion-2\/\"><img decoding=\"async\" src=\"\/wp-content\/uploads\/2014\/08\/bud.jpg\" alt=\"\" \/><\/a><\/p>\n<div style=\"width: 300px; font-size: 130%;\"><strong>Bauwesen<\/strong><br \/>\nWissensbasis Bauwesen<\/div>\n<p>&nbsp;<\/p>\n<\/div>\n<\/div>\n<div style=\"text-align: center; font-size: 85%; line-height: 120%;\">\n<div style=\"float: left; margin-right: 40px; height: 290px;\">\n<p><a href=\"\/de\/ausbildung\/wozkiwidlowe\/\"><img decoding=\"async\" style=\"width: 300px; height: 225px;\" src=\"\/wp-content\/uploads\/2014\/03\/wozki-widlowe-4.jpeg\" alt=\"\" \/><\/a><\/p>\n<div style=\"width: 300px; font-size: 130%;\"><center><strong>Kurse<\/strong><br \/>\nf\u00fcr Gabelstapler<\/center><\/div>\n<p>&nbsp;<\/p>\n<\/div>\n<\/div>\n<\/div>","protected":false},"excerpt":{"rendered":"<p>Kursy na w\u00f3zki wid\u0142owe obejmuj\u0105 wszystkie niezb\u0119dne informacje do pracy na stanowisku operatora, w tym r\u00f3wnie\u017c w\u0142\u0105czaj\u0105 dane o budowie typowych widlak\u00f3w \u2013 jezdniowych. W\u00f3zki wid\u0142owe zbudowane s\u0105 z nast\u0119puj\u0105cych element\u00f3w konstrukcyjnych: rama \u2013 wykonana z odpowiednio uformowanej stali podwozie \u2013 na podwozie sk\u0142adaj\u0105 si\u0119 ko\u0142a, zazwyczaj trzy lub cztery zale\u017cnie od modelu urz\u0105dzenia silnik \u2013 w pojazdach stosuje si\u0119 g\u0142\u00f3wnie silniki niskopr\u0119\u017cne zasilane gazem LPG, benzyn\u0105, a tak\u017ce silniki wysokopr\u0119\u017cne zasilane olejem nap\u0119dowym, r\u00f3wnie\u017c popularne s\u0105 silniki elektryczne i akumulatorowe przeciwwaga \u2013 jej g\u0142\u00f3wnym celem jest zapewnienie odpowiedniego obci\u0105\u017cenia dla pojazdu przy przewo\u017ceniu \u0142adunk\u00f3w, najcz\u0119\u015bciej ma form\u0119 bloku stalowego w tylnej cz\u0119\u015bci maszt \u2013 cz\u0119\u015b\u0107 zamontowana pionowo z przodu urz\u0105dzenia, kt\u00f3ra pozwala na opuszczanie, podnoszenie i przechylanie \u0142adunk\u00f3w wid\u0142y \u2013 maj\u0105 kszta\u0142t litery L i s\u0105 poruszane w pionie przez \u0142a\u0144cuch. Wid\u0142y mog\u0105 by\u0107 wymienione tak\u017ce na innego rodzaju osprz\u0119t, na przyk\u0142ad przystosowany do przewozu pude\u0142 kartonowych, beczek karetka \u2013 p\u0142yta czo\u0142owa pojazdu, kt\u00f3ra jest zamontowana do masztu, do karetki przymocowane s\u0105 wid\u0142y i krata ochronna krata ochronna \u2013 zabezpiecza przed osuwaniem si\u0119 przewo\u017conych \u0142adunk\u00f3w klatka bezpiecze\u0144stwa \u2013 zabezpiecza operatora urz\u0105dzenia przed spadaj\u0105cymi na niego z g\u00f3ry \u0142adunkami kabina operatora \u2013 przeznaczona do operowania pojazdem, znajduj\u0105 si\u0119 w niej takie elementy jak kierownica, peda\u0142y, d\u017awignie, kt\u00f3re pozwalaj\u0105 na sterowanie ca\u0142ym pojazdem. Kabina jest otwarta, jednak obudowana, co powoduje, \u017ce osoba znajduj\u0105ca si\u0119 wewn\u0105trz jest ochroniona przed ewentualnymi wypadkami Widlaki mog\u0105 zawiera\u0107 tak\u017ce inne elementy zale\u017cnie od swojego przeznaczenia. W\u00f3zki prowadzone nie posiadaj\u0105 mi\u0119dzy innymi kabiny operatora, w\u00f3zki specjalizowane mog\u0105 mie\u0107 wysi\u0119g przeznaczony do podnoszenia [&hellip;]<\/p>\n","protected":false},"author":1,"featured_media":1206,"parent":17,"menu_order":3,"comment_status":"closed","ping_status":"closed","template":"","meta":{"sfsi_plus_gutenberg_text_before_share":"","sfsi_plus_gutenberg_show_text_before_share":"","sfsi_plus_gutenberg_icon_type":"","sfsi_plus_gutenberg_icon_alignemt":"","sfsi_plus_gutenburg_max_per_row":"","footnotes":""},"class_list":["post-1198","page","type-page","status-publish","has-post-thumbnail","hentry","has_thumb"],"aioseo_notices":[],"_links":{"self":[{"href":"https:\/\/kursy-udt.pl\/de\/wp-json\/wp\/v2\/pages\/1198","targetHints":{"allow":["GET"]}}],"collection":[{"href":"https:\/\/kursy-udt.pl\/de\/wp-json\/wp\/v2\/pages"}],"about":[{"href":"https:\/\/kursy-udt.pl\/de\/wp-json\/wp\/v2\/types\/page"}],"author":[{"embeddable":true,"href":"https:\/\/kursy-udt.pl\/de\/wp-json\/wp\/v2\/users\/1"}],"replies":[{"embeddable":true,"href":"https:\/\/kursy-udt.pl\/de\/wp-json\/wp\/v2\/comments?post=1198"}],"version-history":[{"count":22,"href":"https:\/\/kursy-udt.pl\/de\/wp-json\/wp\/v2\/pages\/1198\/revisions"}],"predecessor-version":[{"id":4340,"href":"https:\/\/kursy-udt.pl\/de\/wp-json\/wp\/v2\/pages\/1198\/revisions\/4340"}],"up":[{"embeddable":true,"href":"https:\/\/kursy-udt.pl\/de\/wp-json\/wp\/v2\/pages\/17"}],"wp:featuredmedia":[{"embeddable":true,"href":"https:\/\/kursy-udt.pl\/de\/wp-json\/wp\/v2\/media\/1206"}],"wp:attachment":[{"href":"https:\/\/kursy-udt.pl\/de\/wp-json\/wp\/v2\/media?parent=1198"}],"curies":[{"name":"wp","href":"https:\/\/api.w.org\/{rel}","templated":true}]}}