{"id":1192,"date":"2014-08-07T09:40:24","date_gmt":"2014-08-07T09:40:24","guid":{"rendered":"http:\/\/kursy-udt.pl\/?page_id=1192"},"modified":"2022-10-17T10:30:39","modified_gmt":"2022-10-17T10:30:39","slug":"lastenhandhabung","status":"publish","type":"page","link":"https:\/\/kursy-udt.pl\/de\/szkolenia\/wozkiwidlowe\/operowanie-ladunkiem\/","title":{"rendered":"Handhabung von Lasten mit Gabelstaplern"},"content":{"rendered":"<div style=\"float: left; padding-right: 10px;\"><img decoding=\"async\" src=\"\/wp-content\/uploads\/2014\/08\/4.jpg\" alt=\"\" \/><\/div>\n<div class=\"wyjustuj\">\n<p>Bei der Steuerung eines Gabelstaplers, wie sie in unserem Kurs gelehrt wird, kommen drei Hauptbewegungen zum Einsatz: das Anheben und Absenken der Gabeln, das Kippen des Mastes des Gabelstaplers zueinander und voneinander weg sowie das seitliche Bewegen des Wagens mit den Gabeln. Bei einigen Modellen ist es auch m\u00f6glich, die Bewegung der Gabeln und den Abstand zwischen ihnen zu steuern, was als Positionierung bezeichnet wird.<\/p>\n<p><a href=\"https:\/\/kursy-udt.pl\/de\/szkolenia\/wozkiwidlowe\/\">Kurs f\u00fcr Gabelstaplerfahrer<\/a> lehrt die korrekte Steuerung des Ger\u00e4ts und die Handhabung der Last. Auf dieser Grundlage kann der Teilnehmer dann einen Gabelstaplerschein erwerben. Eines der Schl\u00fcsselelemente der Ausbildung ist das Erlernen des Be- und Entladens von Paletten, was zu den Aufgaben des Bedieners geh\u00f6rt.<\/p>\n<p><a href=\"https:\/\/kursy-udt.pl\/wp-content\/uploads\/2022\/10\/5.webp\"><img loading=\"lazy\" decoding=\"async\" class=\"size-medium wp-image-4496 alignright\" src=\"https:\/\/kursy-udt.pl\/wp-content\/uploads\/2022\/10\/5-300x200.webp\" alt=\"\" width=\"300\" height=\"200\" srcset=\"https:\/\/kursy-udt.pl\/wp-content\/uploads\/2022\/10\/5-300x200.webp 300w, https:\/\/kursy-udt.pl\/wp-content\/uploads\/2022\/10\/5-1024x683.webp 1024w, https:\/\/kursy-udt.pl\/wp-content\/uploads\/2022\/10\/5-768x512.webp 768w, https:\/\/kursy-udt.pl\/wp-content\/uploads\/2022\/10\/5-1536x1024.webp 1536w, https:\/\/kursy-udt.pl\/wp-content\/uploads\/2022\/10\/5-18x12.webp 18w, https:\/\/kursy-udt.pl\/wp-content\/uploads\/2022\/10\/5-624x416.webp 624w, https:\/\/kursy-udt.pl\/wp-content\/uploads\/2022\/10\/5.webp 1600w\" sizes=\"auto, (max-width: 300px) 100vw, 300px\" \/><\/a>Richtiges Laden auf <a href=\"https:\/\/kursy-udt.pl\/de\/szkolenia\/udt-wdt-tdt\/wozki-widlowe-merlo\/\">Gabelstapler<\/a> Die Last wird auf einer Palette mit geraden Gabeln platziert, die parallel zur Oberfl\u00e4che stehen m\u00fcssen. Sobald sich die Last in der richtigen Position befindet, wird sie auf eine H\u00f6he von etwa 30 Zentimetern angehoben, wobei der Mast in Richtung des Maschinenf\u00fchrers geneigt wird. Der n\u00e4chste Schritt besteht darin, an den Ort zu fahren, an dem die Ladung abgesetzt werden soll, die Palette auf die vorgegebene H\u00f6he anzuheben, den Mast gerade auszurichten und die Gabeln unter der Palette abzusenken, und schlie\u00dflich die Gabeln wieder auf das vorgegebene Niveau abzusenken. Beim ordnungsgem\u00e4\u00dfen Abladen werden die Vorg\u00e4nge in umgekehrter Reihenfolge durchgef\u00fchrt.<\/p>\n<p>Beim Be- und Entladen m\u00fcssen gleichzeitig die Regeln f\u00fcr das richtige Man\u00f6vrieren des Ger\u00e4ts beachtet werden. Es ist verboten, sich zu schnell zu bewegen, insbesondere mit schweren Lasten, da dies zum Umkippen des Gabelstaplers f\u00fchren und den Bediener und die Umwelt gef\u00e4hrden kann. Der Gabelstaplerkurs vermittelt daher auch wichtige Informationen \u00fcber Gesundheit und Sicherheit am Arbeitsplatz des Fahrers.<\/p>\n<p>In jedem Gabelstaplerkurs wird das korrekte Be- und Entladen von Lasten in Theorie und Praxis gelehrt, was sp\u00e4ter Teil der Pr\u00fcfung ist, auf deren Grundlage die folgenden Zertifikate vergeben werden <a href=\"https:\/\/kursy-udt.pl\/de\/uprawnienia-udt\/kategorie-uprawnien-2\/\">UDT-Anspr\u00fcche<\/a> die f\u00fcr die Arbeit mit dem jeweiligen Ger\u00e4tetyp erforderlich sind.<\/p>\n<div class=\"filmw\">\n<div class=\"responsive-youtube\" style=\"text-align: center;\"><iframe loading=\"lazy\" title=\"YouTube-Video-Player\" src=\"https:\/\/www.youtube.com\/embed\/dFMZUadVVBM\" width=\"560\" height=\"315\" frameborder=\"0\" allowfullscreen=\"allowfullscreen\"><\/iframe><\/div>\n<\/div>\n<\/div>\n<div class=\"button_styl\" style=\"float: right; padding-left: 15px; padding-bottom: 8px; margin-bottom: 5px;\"><a class=\"myButton myButton_maly\" href=\"https:\/\/platformaedukacji.pl\/login\/signup.php\" target=\"_blank\" rel=\"nofollow noopener\"><span style=\"color: white;\">Anmeldung zur Schulung<\/span><\/a><\/div>\n<div style=\"padding-top: 70px;\">\n<h2>Weitere Informationen:<\/h2>\n<div style=\"text-align: center; font-size: 85%; line-height: 120%;\">\n<div style=\"float: left; margin-right: 40px; height: 290px;\">\n<p><a href=\"\/de\/ausbildung\/wozkiwidlowe\/kontrolle\/\"><img decoding=\"async\" src=\"\/wp-content\/uploads\/2014\/08\/ster.jpg\" alt=\"\" \/><\/a><\/p>\n<div style=\"width: 300px; font-size: 130%;\"><strong>Kontrolle<\/strong><br \/>\nRichtige Kontrolltechniken<\/div>\n<p>&nbsp;<\/p>\n<\/div>\n<div style=\"float: left; margin-right: 40px; height: 290px;\">\n<p><a href=\"\/de\/ausbildung\/wozkiwidlowe\/lastenhandhabung\/\"><img decoding=\"async\" src=\"\/wp-content\/uploads\/2014\/08\/oper.jpg\" alt=\"\" \/><\/a><\/p>\n<div style=\"width: 300px; font-size: 130%;\"><strong>Frachtumschlag<\/strong><br \/>\nBedienung eines beladenen Gabelstaplers<\/div>\n<p>&nbsp;<\/p>\n<\/div>\n<\/div>\n<div style=\"clear: both;\"><\/div>\n<div style=\"text-align: center; font-size: 85%; line-height: 120%;\">\n<div style=\"float: left; margin-right: 40px; height: 290px;\">\n<p><a href=\"\/de\/ausbildung\/wozkiwidlowe\/sicherheit\/\"><img decoding=\"async\" src=\"\/wp-content\/uploads\/2014\/08\/bezp.jpg\" alt=\"\" \/><\/a><\/p>\n<div style=\"width: 300px; font-size: 130%;\"><strong>Sicherheit<\/strong><br \/>\nGrunds\u00e4tze der sicheren Handhabung<\/div>\n<p>&nbsp;<\/p>\n<\/div>\n<div style=\"float: left; margin-right: 40px; height: 290px;\">\n<p><a href=\"\/de\/ausbildung\/wozkiwidlowe\/konstruktion-2\/\"><img decoding=\"async\" src=\"\/wp-content\/uploads\/2014\/08\/bud.jpg\" alt=\"\" \/><\/a><\/p>\n<div style=\"width: 300px; font-size: 130%;\"><strong>Bauwesen<\/strong><br \/>\nWissensbasis Bauwesen<\/div>\n<p>&nbsp;<\/p>\n<\/div>\n<\/div>\n<div style=\"text-align: center; font-size: 85%; line-height: 120%;\">\n<div style=\"float: left; margin-right: 40px; height: 290px;\">\n<p><a href=\"\/de\/ausbildung\/wozkiwidlowe\/\"><img decoding=\"async\" style=\"width: 300px; height: 225px;\" src=\"\/wp-content\/uploads\/2014\/03\/wozki-widlowe-4.jpeg\" alt=\"\" \/><\/a><\/p>\n<div style=\"width: 300px; font-size: 130%;\"><center><strong>Kurse<\/strong><br \/>\nf\u00fcr Gabelstapler<\/center><\/div>\n<p>&nbsp;<\/p>\n<\/div>\n<\/div>\n<\/div>","protected":false},"excerpt":{"rendered":"<p>W sterowaniu w\u00f3zkiem wid\u0142owym, czego uczy nasz kurs, wykorzystuje si\u0119 trzy g\u0142\u00f3wne ruchy \u2013 jest o ruch podnoszenia i opuszczania wide\u0142, nast\u0119pnie ruch przechylania masztu w\u00f3zka do siebie oraz od siebie, a tak\u017ce ruch przesuwania karetki z wid\u0142ami w boki. W przypadku niekt\u00f3rych modeli mo\u017cna tak\u017ce sterowa\u0107 przesuni\u0119ciami wide\u0142 oraz ost\u0119pem pomi\u0119dzy nimi, czyli tak zwanym pozycjonowaniem. Kurs operatora w\u00f3zka wid\u0142owego uczy prawid\u0142owego sterowania urz\u0105dzeniem oraz operowania \u0142adunkiem. Na tej podstawie uczestnik mo\u017ce uzyska\u0107 potem uprawnienia na w\u00f3zki wid\u0142owe. Jednym z kluczowych element\u00f3w szkolenia jest nauka za\u0142adunku oraz roz\u0142adunku palet, na czym polega praca operatora. Prawid\u0142owy za\u0142adunek na w\u00f3zek wid\u0142owy polega na umieszczeniu \u0142adunku na palecie na wyprostowanych wid\u0142ach \u2013 musz\u0105 by\u0107 one u\u0142o\u017cone r\u00f3wnolegle do nawierzchni. Nast\u0119pnie po umieszczeniu \u0142adunku w prawid\u0142owej pozycji jest on podnoszony na wysoko\u015b\u0107 oko\u0142o 30 centymetr\u00f3w, przy czym przechylany masztem w kierunku operatora urz\u0105dzenia. Kolejny krok do dojechanie do miejsca, gdzie \u0142adunek ma by\u0107 umieszczony, podniesienie palety na dan\u0105 wysoko\u015b\u0107, wyprostowanie masztu oraz opuszczenie wide\u0142 o odjechanie spod palety, a na ko\u0144cu kolejne opuszczenie wide\u0142 do danego poziomu. Prawid\u0142owy roz\u0142adunek polega na wykonaniu operacji w odwrotnej kolejno\u015bci. Przy za\u0142adunku i roz\u0142adunku trzeba pami\u0119ta\u0107 jednocze\u015bnie o zasadach prawid\u0142owego manewrowania urz\u0105dzeniem. Zakazane jest poruszanie si\u0119 zbyt szybko, zw\u0142aszcza z ci\u0119\u017ckimi \u0142adunkami, co mo\u017ce spowodowa\u0107 wywr\u00f3cenie si\u0119 w\u00f3zka i zagro\u017cenie dla operatora oraz otoczenia. W zwi\u0105zku z tym kurs w\u00f3zka wid\u0142owego przekazuje tak\u017ce kluczowe informacje na temat bezpiecze\u0144stwa i higieny pracy na stanowisku operatora. Ka\u017cdy kurs na w\u00f3zek wid\u0142owy uczy prawid\u0142owego za\u0142adunku oraz roz\u0142adunku \u0142adunk\u00f3w, zar\u00f3wno w ramach teorii, jak i praktyki, [&hellip;]<\/p>\n","protected":false},"author":1,"featured_media":4496,"parent":17,"menu_order":1,"comment_status":"closed","ping_status":"closed","template":"","meta":{"sfsi_plus_gutenberg_text_before_share":"","sfsi_plus_gutenberg_show_text_before_share":"","sfsi_plus_gutenberg_icon_type":"","sfsi_plus_gutenberg_icon_alignemt":"","sfsi_plus_gutenburg_max_per_row":"","footnotes":""},"class_list":["post-1192","page","type-page","status-publish","has-post-thumbnail","hentry","has_thumb"],"aioseo_notices":[],"_links":{"self":[{"href":"https:\/\/kursy-udt.pl\/de\/wp-json\/wp\/v2\/pages\/1192","targetHints":{"allow":["GET"]}}],"collection":[{"href":"https:\/\/kursy-udt.pl\/de\/wp-json\/wp\/v2\/pages"}],"about":[{"href":"https:\/\/kursy-udt.pl\/de\/wp-json\/wp\/v2\/types\/page"}],"author":[{"embeddable":true,"href":"https:\/\/kursy-udt.pl\/de\/wp-json\/wp\/v2\/users\/1"}],"replies":[{"embeddable":true,"href":"https:\/\/kursy-udt.pl\/de\/wp-json\/wp\/v2\/comments?post=1192"}],"version-history":[{"count":7,"href":"https:\/\/kursy-udt.pl\/de\/wp-json\/wp\/v2\/pages\/1192\/revisions"}],"predecessor-version":[{"id":4498,"href":"https:\/\/kursy-udt.pl\/de\/wp-json\/wp\/v2\/pages\/1192\/revisions\/4498"}],"up":[{"embeddable":true,"href":"https:\/\/kursy-udt.pl\/de\/wp-json\/wp\/v2\/pages\/17"}],"wp:featuredmedia":[{"embeddable":true,"href":"https:\/\/kursy-udt.pl\/de\/wp-json\/wp\/v2\/media\/4496"}],"wp:attachment":[{"href":"https:\/\/kursy-udt.pl\/de\/wp-json\/wp\/v2\/media?parent=1192"}],"curies":[{"name":"wp","href":"https:\/\/api.w.org\/{rel}","templated":true}]}}