{"id":1190,"date":"2014-08-07T09:27:29","date_gmt":"2014-08-07T09:27:29","guid":{"rendered":"http:\/\/kursy-udt.pl\/?page_id=1190"},"modified":"2022-10-17T10:27:33","modified_gmt":"2022-10-17T10:27:33","slug":"kontrolle","status":"publish","type":"page","link":"https:\/\/kursy-udt.pl\/de\/szkolenia\/wozkiwidlowe\/sterowanie\/","title":{"rendered":"Steuerung von Gabelstaplern"},"content":{"rendered":"<div style=\"float: left; padding-right: 10px;\"><img decoding=\"async\" src=\"\/wp-content\/uploads\/2014\/08\/mster.jpg\" alt=\"\" \/><\/div>\n<div class=\"wyjustuj\">\n<p>Gabelstapler sind in Lagerh\u00e4usern, Logistikzentren, gro\u00dfen Gesch\u00e4ften, Produktionshallen oder Industrieanlagen weit verbreitet. Sie erleichtern das Bewegen von auf Paletten gelagerten Lasten, beschleunigen die Arbeit und erh\u00f6hen gleichzeitig die Sicherheit. Um die Ger\u00e4te bedienen zu k\u00f6nnen, ist ein Kurs in <a href=\"https:\/\/kursy-udt.pl\/de\/szkolenia\/udt-wdt-tdt\/wozki-widlowe-merlo\/\">Gabelstapler<\/a>w\u00e4hrend derer der Teilnehmer die erforderlichen theoretischen Kenntnisse und die Praxis am Arbeitsplatz des Betreibers erwirbt.<\/p>\n<p>Die Lenkung von Gabelstaplern umfasst die Steuerung der Bewegung des Fahrzeugs und dar\u00fcber hinaus des Hubger\u00fcsts und der Gabeln, die f\u00fcr das Heben und Senken von Lasten zust\u00e4ndig sind. Das Lenken ist vergleichbar mit dem Fahren eines Autos. Es gibt ein Lenkrad sowie ein Brems- und ein Gaspedal. Einige Modelle sind zus\u00e4tzlich mit einer Kupplung ausgestattet. Die meisten Fahrzeuge haben zwei G\u00e4nge - einen langsamen und einen schnellen - und k\u00f6nnen vorw\u00e4rts und r\u00fcckw\u00e4rts fahren.<\/p>\n<p><a href=\"https:\/\/kursy-udt.pl\/wp-content\/uploads\/2022\/10\/4.webp\"><img loading=\"lazy\" decoding=\"async\" class=\"size-medium wp-image-4494 alignright\" src=\"https:\/\/kursy-udt.pl\/wp-content\/uploads\/2022\/10\/4-300x200.webp\" alt=\"\" width=\"300\" height=\"200\" srcset=\"https:\/\/kursy-udt.pl\/wp-content\/uploads\/2022\/10\/4-300x200.webp 300w, https:\/\/kursy-udt.pl\/wp-content\/uploads\/2022\/10\/4-1024x683.webp 1024w, https:\/\/kursy-udt.pl\/wp-content\/uploads\/2022\/10\/4-768x512.webp 768w, https:\/\/kursy-udt.pl\/wp-content\/uploads\/2022\/10\/4-1536x1024.webp 1536w, https:\/\/kursy-udt.pl\/wp-content\/uploads\/2022\/10\/4-18x12.webp 18w, https:\/\/kursy-udt.pl\/wp-content\/uploads\/2022\/10\/4-624x416.webp 624w, https:\/\/kursy-udt.pl\/wp-content\/uploads\/2022\/10\/4.webp 1600w\" sizes=\"auto, (max-width: 300px) 100vw, 300px\" \/><\/a>Gabelstapler sind au\u00dferdem wendig und haben einen kleinen Wenderadius, so dass sie sich sehr leicht zwischen Regalen und in anderen engen R\u00e4umen bewegen lassen. Auch die Man\u00f6ver sind pr\u00e4zise, doch m\u00fcssen die Fahrzeuge aufgrund ihres Gewichts gleichzeitig vorsichtig gelenkt werden, da sie bei maximaler Beladung eher umkippen k\u00f6nnen. Man\u00f6ver mit hoher Geschwindigkeit und voller Ladung sind verboten. Richtiges Lenken wird gelehrt durch <u><a href=\"https:\/\/kursy-udt.pl\/de\/szkolenia\/wozkiwidlowe\/\">Gabelstaplerfahrerkurs<\/a><\/u>in dem die Teilnehmer mit den korrekten Vorschriften f\u00fcr den Betrieb der Ger\u00e4te vertraut gemacht werden.<\/p>\n<p>Um einen Gabelstaplerschein zu erhalten, der von UDT Warschau in unseren Kursen in <a href=\"https:\/\/kursy-udt.pl\/de\/o-firmie\/\">ERGON Zentrum f\u00fcr Personalentwicklung<\/a> oder durch andere Einheiten muss eine praktische Pr\u00fcfung abgelegt werden, die aus der korrekten Ausf\u00fchrung von Man\u00f6vern ohne Last und mit Last besteht. Der abgeschlossene Gabelstaplerfahrerlehrgang berechtigt zur Aus\u00fcbung des Berufes. Verliehen. <a href=\"https:\/\/kursy-udt.pl\/de\/uprawnienia-udt\/kategorie-uprawnien-2\/\">UDT-Anspr\u00fcche<\/a> sind unbefristet g\u00fcltig und berechtigen auch zur Arbeit im Ausland.<\/p>\n<div class=\"filmw\">\n<div class=\"responsive-youtube\" style=\"text-align: center;\"><iframe loading=\"lazy\" title=\"YouTube-Video-Player\" src=\"https:\/\/www.youtube.com\/embed\/dFMZUadVVBM\" width=\"560\" height=\"315\" frameborder=\"0\" allowfullscreen=\"allowfullscreen\"><\/iframe><\/div>\n<\/div>\n<\/div>\n<div class=\"button_styl\" style=\"float: right; padding-left: 15px; padding-bottom: 8px; margin-bottom: 5px;\"><a class=\"myButton myButton_maly\" href=\"https:\/\/platformaedukacji.pl\/login\/signup.php\" target=\"_blank\" rel=\"nofollow noopener\"><span style=\"color: white;\">Anmeldung zur Schulung<\/span><\/a><\/div>\n<div style=\"padding-top: 70px;\">\n<h2>Weitere Informationen:<\/h2>\n<div style=\"text-align: center; font-size: 85%; line-height: 120%;\">\n<div style=\"float: left; margin-right: 40px; height: 290px;\">\n<p><a href=\"\/de\/ausbildung\/wozkiwidlowe\/kontrolle\/\"><img decoding=\"async\" src=\"\/wp-content\/uploads\/2014\/08\/ster.jpg\" alt=\"\" \/><\/a><\/p>\n<div style=\"width: 300px; font-size: 130%;\"><strong>Kontrolle<\/strong><br \/>\nRichtige Kontrolltechniken<\/div>\n<p>&nbsp;<\/p>\n<\/div>\n<div style=\"float: left; margin-right: 40px; height: 290px;\">\n<p><a href=\"\/de\/ausbildung\/wozkiwidlowe\/lastenhandhabung\/\"><img decoding=\"async\" src=\"\/wp-content\/uploads\/2014\/08\/oper.jpg\" alt=\"\" \/><\/a><\/p>\n<div style=\"width: 300px; font-size: 130%;\"><strong>Frachtumschlag<\/strong><br \/>\nBedienung eines beladenen Gabelstaplers<\/div>\n<p>&nbsp;<\/p>\n<\/div>\n<\/div>\n<div style=\"clear: both;\"><\/div>\n<div style=\"text-align: center; font-size: 85%; line-height: 120%;\">\n<div style=\"float: left; margin-right: 40px; height: 290px;\">\n<p><a href=\"\/de\/ausbildung\/wozkiwidlowe\/sicherheit\/\"><img decoding=\"async\" src=\"\/wp-content\/uploads\/2014\/08\/bezp.jpg\" alt=\"\" \/><\/a><\/p>\n<div style=\"width: 300px; font-size: 130%;\"><strong>Sicherheit<\/strong><br \/>\nGrunds\u00e4tze der sicheren Handhabung<\/div>\n<p>&nbsp;<\/p>\n<\/div>\n<div style=\"float: left; margin-right: 40px; height: 290px;\">\n<p><a href=\"\/de\/ausbildung\/wozkiwidlowe\/konstruktion-2\/\"><img decoding=\"async\" src=\"\/wp-content\/uploads\/2014\/08\/bud.jpg\" alt=\"\" \/><\/a><\/p>\n<div style=\"width: 300px; font-size: 130%;\"><strong>Bauwesen<\/strong><br \/>\nWissensbasis Bauwesen<\/div>\n<p>&nbsp;<\/p>\n<\/div>\n<\/div>\n<div style=\"text-align: center; font-size: 85%; line-height: 120%;\">\n<div style=\"float: left; margin-right: 40px; height: 290px;\">\n<p><a href=\"\/de\/ausbildung\/wozkiwidlowe\/\"><img decoding=\"async\" style=\"width: 300px; height: 225px;\" src=\"\/wp-content\/uploads\/2014\/03\/wozki-widlowe-4.jpeg\" alt=\"\" \/><\/a><\/p>\n<div style=\"width: 300px; font-size: 130%;\"><center><strong>Kurse<\/strong><br \/>\nf\u00fcr Gabelstapler<\/center><\/div>\n<p>&nbsp;<\/p>\n<\/div>\n<\/div>\n<\/div>","protected":false},"excerpt":{"rendered":"<p>W\u00f3zki wid\u0142owe znajduj\u0105 szerokie zastosowanie w magazynach, centrach logistycznych, sklepach wielkopowierzchniowych, halach produkcyjnych czy przemys\u0142owych. Umo\u017cliwiaj\u0105 \u0142atwe przenoszenie \u0142adunk\u00f3w umieszczonych na paletach, a przy tym pozwalaj\u0105 na przyspieszenie pracy i poprawiaj\u0105 jej bezpiecze\u0144stwo. Do tego, aby obs\u0142ugiwa\u0107 sprz\u0119t, niezb\u0119dny jest kurs na w\u00f3zek wid\u0142owy, podczas kt\u00f3rego uczestnik uzyskuje niezb\u0119dne wiadomo\u015bci teoretyczne i praktyk\u0119 na stanowisku pracy operatora. Sterowanie w\u00f3zkami wid\u0142owymi polega na sterowaniu ruchem pojazdu oraz dodatkowo masztem i wid\u0142ami, kt\u00f3re odpowiedzialne s\u0105 za podnoszenie i opuszczanie \u0142adunk\u00f3w. Kierowanie jest analogiczne do kierowania samochodem. Stosuje si\u0119 kierownic\u0119, a tak\u017ce peda\u0142y hamulca i gazu. Niekt\u00f3re modele wyposa\u017cone s\u0105 dodatkowo w sprz\u0119g\u0142o. Wi\u0119kszo\u015b\u0107 pojazd\u00f3w ma dwa biegi \u2013 wolny oraz szybszy i potrafi si\u0119 porusza\u0107 w prz\u00f3d oraz w ty\u0142. W\u00f3zki wid\u0142owe s\u0105 przy tym urz\u0105dzeniami zwrotnymi oraz maj\u0105 niewielki promie\u0144 skr\u0119tu, co powoduje, \u017ce bardzo \u0142atwo operuje si\u0119 nimi pomi\u0119dzy rega\u0142ami i w innych w\u0105skich przestrzeniach. Manewry s\u0105 przy tym precyzyjne, niemniej ze wzgl\u0119du na sw\u00f3j ci\u0119\u017car pojazdy musz\u0105 by\u0107 jednocze\u015bnie kierowane ostro\u017cnie, poniewa\u017c przy maksymalnym \u0142adunku s\u0105 one bardziej nara\u017cone na przewr\u00f3cenie. Zakazane jest wykonywanie manewr\u00f3w przy du\u017cej szybko\u015bci i pe\u0142nym za\u0142adunku. Prawid\u0142owego sterowania urz\u0105dzeniem uczy kurs operatora w\u00f3zka wid\u0142owego, kt\u00f3ry zaznajamia uczestnik\u00f3w z prawid\u0142owymi przepisami obs\u0142ugi urz\u0105dze\u0144. Aby uzyska\u0107 uprawnienia na w\u00f3zki wid\u0142owe, kt\u00f3re nadawane s\u0105 przez UDT Warszawa na naszych zaj\u0119ciach w O\u015brodku Doskonalenia Kadr ERGON lub poprzez inne jednostki, konieczne jest zdanie egzaminu praktycznego, kt\u00f3ry polega na prawid\u0142owym wykonaniu manewr\u00f3w bez \u0142adunku oraz wraz z \u0142adunkiem. Zako\u0144czony kurs operatora w\u00f3zka wid\u0142owego uprawnia do pracy na stanowisku. Nadane uprawnienia UDT s\u0105 wa\u017cne bezterminowo [&hellip;]<\/p>\n","protected":false},"author":1,"featured_media":4494,"parent":17,"menu_order":0,"comment_status":"closed","ping_status":"closed","template":"","meta":{"sfsi_plus_gutenberg_text_before_share":"","sfsi_plus_gutenberg_show_text_before_share":"","sfsi_plus_gutenberg_icon_type":"","sfsi_plus_gutenberg_icon_alignemt":"","sfsi_plus_gutenburg_max_per_row":"","footnotes":""},"class_list":["post-1190","page","type-page","status-publish","has-post-thumbnail","hentry","has_thumb"],"aioseo_notices":[],"_links":{"self":[{"href":"https:\/\/kursy-udt.pl\/de\/wp-json\/wp\/v2\/pages\/1190","targetHints":{"allow":["GET"]}}],"collection":[{"href":"https:\/\/kursy-udt.pl\/de\/wp-json\/wp\/v2\/pages"}],"about":[{"href":"https:\/\/kursy-udt.pl\/de\/wp-json\/wp\/v2\/types\/page"}],"author":[{"embeddable":true,"href":"https:\/\/kursy-udt.pl\/de\/wp-json\/wp\/v2\/users\/1"}],"replies":[{"embeddable":true,"href":"https:\/\/kursy-udt.pl\/de\/wp-json\/wp\/v2\/comments?post=1190"}],"version-history":[{"count":11,"href":"https:\/\/kursy-udt.pl\/de\/wp-json\/wp\/v2\/pages\/1190\/revisions"}],"predecessor-version":[{"id":4495,"href":"https:\/\/kursy-udt.pl\/de\/wp-json\/wp\/v2\/pages\/1190\/revisions\/4495"}],"up":[{"embeddable":true,"href":"https:\/\/kursy-udt.pl\/de\/wp-json\/wp\/v2\/pages\/17"}],"wp:featuredmedia":[{"embeddable":true,"href":"https:\/\/kursy-udt.pl\/de\/wp-json\/wp\/v2\/media\/4494"}],"wp:attachment":[{"href":"https:\/\/kursy-udt.pl\/de\/wp-json\/wp\/v2\/media?parent=1190"}],"curies":[{"name":"wp","href":"https:\/\/api.w.org\/{rel}","templated":true}]}}